{"id":925,"date":"2024-01-28T20:40:53","date_gmt":"2024-01-28T23:40:53","guid":{"rendered":"https:\/\/mizuji.com.br\/h2\/?page_id=925"},"modified":"2024-01-28T20:55:07","modified_gmt":"2024-01-28T23:55:07","slug":"sugestao-de-curso-online","status":"publish","type":"page","link":"https:\/\/mizuji.com.br\/h2\/sugestao-de-curso-online\/","title":{"rendered":"Sugest\u00e3o de curso online"},"content":{"rendered":"\t\t<div data-elementor-type=\"wp-page\" data-elementor-id=\"925\" class=\"elementor elementor-925\">\n\t\t\t\t<div class=\"elementor-element elementor-element-c3038b8 e-flex e-con-boxed e-con e-parent\" data-id=\"c3038b8\" data-element_type=\"container\" data-settings=\"{&quot;background_background&quot;:&quot;classic&quot;}\">\n\t\t\t\t\t<div class=\"e-con-inner\">\n\t\t<div class=\"elementor-element elementor-element-9a84899 e-con-full e-flex e-con e-child\" data-id=\"9a84899\" data-element_type=\"container\">\n\t\t\t\t<\/div>\n\t\t<div class=\"elementor-element elementor-element-27db10f e-con-full e-flex e-con e-child\" data-id=\"27db10f\" data-element_type=\"container\">\n\t\t<div class=\"elementor-element elementor-element-7c3e98b e-flex e-con-boxed e-con e-child\" data-id=\"7c3e98b\" data-element_type=\"container\">\n\t\t\t\t\t<div class=\"e-con-inner\">\n\t\t\t\t<div class=\"elementor-element elementor-element-1241018 elementor-widget elementor-widget-heading\" data-id=\"1241018\" data-element_type=\"widget\" data-widget_type=\"heading.default\">\n\t\t\t\t<div class=\"elementor-widget-container\">\n\t\t\t<style>\/*! elementor - v3.21.0 - 26-05-2024 *\/\n.elementor-heading-title{padding:0;margin:0;line-height:1}.elementor-widget-heading .elementor-heading-title[class*=elementor-size-]>a{color:inherit;font-size:inherit;line-height:inherit}.elementor-widget-heading .elementor-heading-title.elementor-size-small{font-size:15px}.elementor-widget-heading .elementor-heading-title.elementor-size-medium{font-size:19px}.elementor-widget-heading .elementor-heading-title.elementor-size-large{font-size:29px}.elementor-widget-heading .elementor-heading-title.elementor-size-xl{font-size:39px}.elementor-widget-heading .elementor-heading-title.elementor-size-xxl{font-size:59px}<\/style><h2 class=\"elementor-heading-title elementor-size-default\">Sugest\u00e3o de inclus\u00e3o de curso online<\/h2>\t\t<\/div>\n\t\t\t\t<\/div>\n\t\t\t\t<div class=\"elementor-element elementor-element-37a7114 elementor-widget elementor-widget-text-editor\" data-id=\"37a7114\" data-element_type=\"widget\" data-widget_type=\"text-editor.default\">\n\t\t\t\t<div class=\"elementor-widget-container\">\n\t\t\t<style>\/*! elementor - v3.21.0 - 26-05-2024 *\/\n.elementor-widget-text-editor.elementor-drop-cap-view-stacked .elementor-drop-cap{background-color:#69727d;color:#fff}.elementor-widget-text-editor.elementor-drop-cap-view-framed .elementor-drop-cap{color:#69727d;border:3px solid;background-color:transparent}.elementor-widget-text-editor:not(.elementor-drop-cap-view-default) .elementor-drop-cap{margin-top:8px}.elementor-widget-text-editor:not(.elementor-drop-cap-view-default) .elementor-drop-cap-letter{width:1em;height:1em}.elementor-widget-text-editor .elementor-drop-cap{float:left;text-align:center;line-height:1;font-size:50px}.elementor-widget-text-editor .elementor-drop-cap-letter{display:inline-block}<\/style>\t\t\t\t<p>Sua contribui\u00e7\u00e3o \u00e9 muito importante. <br \/>Se voc\u00ea tem uma sugest\u00e3o de um curso online para ser inclu\u00eddo na p\u00e1gina de CURSOS ONLINE, basta preencher o formul\u00e1rio abaixo. <br \/>Se eu j\u00e1 tiver o curso pronto ou similar, ent\u00e3o esse curso ser\u00e1 inclu\u00eddo na p\u00e1gina. <br \/>Se ainda n\u00e3o tiver o curso, ent\u00e3o vai entrar na fila para a futura produ\u00e7\u00e3o. <br \/>Desde j\u00e1 agrade\u00e7o sua colabora\u00e7\u00e3o.<\/p>\t\t\t\t\t\t<\/div>\n\t\t\t\t<\/div>\n\t\t\t\t<div class=\"elementor-element elementor-element-f12b4be elementor-widget elementor-widget-shortcode\" data-id=\"f12b4be\" data-element_type=\"widget\" data-widget_type=\"shortcode.default\">\n\t\t\t\t<div class=\"elementor-widget-container\">\n\t\t\t\t\t<div class=\"elementor-shortcode\">\n<div class=\"wpcf7 no-js\" id=\"wpcf7-f924-o1\" lang=\"pt-BR\" dir=\"ltr\">\n<div class=\"screen-reader-response\"><p role=\"status\" aria-live=\"polite\" aria-atomic=\"true\"><\/p> <ul><\/ul><\/div>\n<form action=\"\/h2\/wp-json\/wp\/v2\/pages\/925#wpcf7-f924-o1\" method=\"post\" class=\"wpcf7-form init\" aria-label=\"Formul\u00e1rios de contato\" novalidate=\"novalidate\" data-status=\"init\">\n<div style=\"display: none;\">\n<input type=\"hidden\" name=\"_wpcf7\" value=\"924\" \/>\n<input type=\"hidden\" name=\"_wpcf7_version\" value=\"5.9.5\" \/>\n<input type=\"hidden\" name=\"_wpcf7_locale\" value=\"pt_BR\" \/>\n<input type=\"hidden\" name=\"_wpcf7_unit_tag\" value=\"wpcf7-f924-o1\" \/>\n<input type=\"hidden\" name=\"_wpcf7_container_post\" value=\"0\" \/>\n<input type=\"hidden\" name=\"_wpcf7_posted_data_hash\" value=\"\" \/>\n<\/div>\n<p><label> Seu nome<br \/>\n<span class=\"wpcf7-form-control-wrap\" data-name=\"your-name\"><input size=\"40\" class=\"wpcf7-form-control wpcf7-text wpcf7-validates-as-required\" autocomplete=\"name\" aria-required=\"true\" aria-invalid=\"false\" value=\"\" type=\"text\" name=\"your-name\" \/><\/span> <\/label>\n<\/p>\n<p><label> Seu e-mail<br \/>\n<span class=\"wpcf7-form-control-wrap\" data-name=\"your-email\"><input size=\"40\" class=\"wpcf7-form-control wpcf7-email wpcf7-validates-as-required wpcf7-text wpcf7-validates-as-email\" autocomplete=\"email\" aria-required=\"true\" aria-invalid=\"false\" value=\"\" type=\"email\" name=\"your-email\" \/><\/span> <\/label>\n<\/p>\n<p><label> Assunto<br \/>\n<span class=\"wpcf7-form-control-wrap\" data-name=\"your-subject\"><input size=\"40\" class=\"wpcf7-form-control wpcf7-text wpcf7-validates-as-required\" aria-required=\"true\" aria-invalid=\"false\" value=\"\" type=\"text\" name=\"your-subject\" \/><\/span> <\/label>\n<\/p>\n<p><label> Sua sugest\u00e3o: escreva aqui nome do curso ou tema do curso a ser inclu\u00eddo na p\u00e1gina de cursos online<br \/>\n<span class=\"wpcf7-form-control-wrap\" data-name=\"your-message\"><textarea cols=\"40\" rows=\"10\" class=\"wpcf7-form-control wpcf7-textarea\" aria-invalid=\"false\" name=\"your-message\"><\/textarea><\/span> <\/label>\n<\/p>\n<p><input class=\"wpcf7-form-control wpcf7-submit has-spinner\" type=\"submit\" value=\"Enviar\" \/>\n<\/p><div class=\"wpcf7-response-output\" aria-hidden=\"true\"><\/div>\n<\/form>\n<\/div>\n<\/div>\n\t\t\t\t<\/div>\n\t\t\t\t<\/div>\n\t\t\t\t\t<\/div>\n\t\t\t\t<\/div>\n\t\t\t\t<\/div>\n\t\t<div class=\"elementor-element elementor-element-30dc031 e-con-full e-flex e-con e-child\" data-id=\"30dc031\" data-element_type=\"container\">\n\t\t\t\t<\/div>\n\t\t\t\t\t<\/div>\n\t\t\t\t<\/div>\n\t\t\t\t<\/div>\n\t\t","protected":false},"excerpt":{"rendered":"<p>Sugest\u00e3o de inclus\u00e3o de curso online Sua contribui\u00e7\u00e3o \u00e9 muito importante. Se voc\u00ea tem uma sugest\u00e3o de um curso online para ser inclu\u00eddo na p\u00e1gina de CURSOS ONLINE, basta preencher o formul\u00e1rio abaixo. Se eu j\u00e1 tiver o curso pronto ou similar, ent\u00e3o esse curso ser\u00e1 inclu\u00eddo na p\u00e1gina. Se ainda n\u00e3o tiver o curso, [&hellip;]<\/p>\n","protected":false},"author":1,"featured_media":0,"parent":0,"menu_order":0,"comment_status":"closed","ping_status":"closed","template":"elementor_canvas","meta":{"footnotes":""},"jetpack_sharing_enabled":true,"_links":{"self":[{"href":"https:\/\/mizuji.com.br\/h2\/wp-json\/wp\/v2\/pages\/925"}],"collection":[{"href":"https:\/\/mizuji.com.br\/h2\/wp-json\/wp\/v2\/pages"}],"about":[{"href":"https:\/\/mizuji.com.br\/h2\/wp-json\/wp\/v2\/types\/page"}],"author":[{"embeddable":true,"href":"https:\/\/mizuji.com.br\/h2\/wp-json\/wp\/v2\/users\/1"}],"replies":[{"embeddable":true,"href":"https:\/\/mizuji.com.br\/h2\/wp-json\/wp\/v2\/comments?post=925"}],"version-history":[{"count":13,"href":"https:\/\/mizuji.com.br\/h2\/wp-json\/wp\/v2\/pages\/925\/revisions"}],"predecessor-version":[{"id":941,"href":"https:\/\/mizuji.com.br\/h2\/wp-json\/wp\/v2\/pages\/925\/revisions\/941"}],"wp:attachment":[{"href":"https:\/\/mizuji.com.br\/h2\/wp-json\/wp\/v2\/media?parent=925"}],"curies":[{"name":"wp","href":"https:\/\/api.w.org\/{rel}","templated":true}]}}