{"id":547,"date":"2017-04-16T10:37:32","date_gmt":"2017-04-16T13:37:32","guid":{"rendered":"http:\/\/mizuji.com.br\/fluir\/?page_id=547"},"modified":"2017-04-16T10:56:13","modified_gmt":"2017-04-16T13:56:13","slug":"dor-muito-antiga-eliminada-apos-encontrar-a-questao-central","status":"publish","type":"page","link":"https:\/\/mizuji.com.br\/fluir\/especialista-em-dores-cronicas-relaciona-dores-e-emocoes-nao-resolvidas\/dor-muito-antiga-eliminada-apos-encontrar-a-questao-central\/","title":{"rendered":"Dor muito antiga eliminada ap\u00f3s encontrar a quest\u00e3o central"},"content":{"rendered":"<p>Nota: Este artigo pressup\u00f5e que voc\u00ea tenha um conhecimento pr\u00e1tico de EFT. Se voc\u00ea ainda n\u00e3o tem esse conhecimento, recomenda-se fazer este curso gratuito antes de prosseguir: <a href=\"http:\/\/mizuji.com\/eft-6p\">EFT em 6 passos<\/a><\/p>\n<p>Ol\u00e1 a todos,<br \/>\nEncontrar problemas centrais \u00e9 cr\u00edtico se voc\u00ea estiver expandindo suas habilidades de EFT para os n\u00edveis mais elevados. Para encontr\u00e1-los, voc\u00ea \u00e0s vezes tem que ser um detetive diligente. Em outros momentos, voc\u00ea s\u00f3 precisa prestar aten\u00e7\u00e3o e as quest\u00f5es centrais aparecem do nada. Esta \u00faltima circunst\u00e2ncia \u00e9 bem detalhada na experi\u00eancia pessoal de Diane Dalton. Estude bem porque esse fen\u00f4meno pode apontar para melhores habilidades de EFT.<br \/>\nAbra\u00e7os, Gary<br \/>\n________________________________________<br \/>\nPor Diane E. Dalton<br \/>\nCaro Gary,<\/p>\n<p>Eu tenho praticado EFT por mais de um ano com grande sucesso para mim e para meus clientes.<br \/>\nMas na semana passada tive uma revela\u00e7\u00e3o sobre mim que me surpreendeu.<br \/>\nDurante anos eu tive dor cr\u00f4nica no pesco\u00e7o e no ombro. <\/p>\n<p>Meu bra\u00e7o esquerdo n\u00e3o estica completamente.<br \/>\nFoi paralisado ao nascer devido a les\u00e3o do plexo braquial.<br \/>\nQuando eu era mais jovem, eu escalava e levantava pesos, mas \u00e0 medida que envelhecia a dor foi aumentando.<\/p>\n<p>Eu usei EFT para a dor, maravilhada com os n\u00f3s musculares no meu pesco\u00e7o se dissolvendo.<br \/>\nO tapping adicional alivia a rigidez na parte de tr\u00e1s do meu ombro.<br \/>\nMas em poucos dias a dor volta de novo.<br \/>\nEu tentei v\u00e1rios tipos de revers\u00f5es para encontrar a fonte emocional da dor, mas no fundo, eu acreditava que a deformidade, a minha idade e falta de exerc\u00edcio significavam que essa dor era inevit\u00e1vel.<\/p>\n<p>Enquanto estava no caf\u00e9 com os amigos, uma das mulheres relatou sua hist\u00f3ria dolorosa de uma aula de renascimento que ela tinha feito.<br \/>\nEnquanto ela estava falando, meu bra\u00e7o direito come\u00e7ou a formigar &#8211; uma estranha sensa\u00e7\u00e3o que eu nunca tinha tido antes.<br \/>\nA sensa\u00e7\u00e3o se estendeu do meu pulso at\u00e9 o topo do meu ombro e parecia que o ombro tinha sa\u00eddo do lugar.<\/p>\n<p>Contei para meus amigos o que eu sabia da minha hist\u00f3ria de nascimento, dos m\u00e9dicos dizendo \u00e0 minha m\u00e3e que meu bra\u00e7o ficaria paralisado e n\u00e3o havia nada que pudessem fazer \u2013 e como ela, de alguma forma, encontrou um m\u00e9dico que fez minha m\u00e3e exercitar meu bra\u00e7o todos os dias durante um ano.<br \/>\nFicaram surpresos de n\u00e3o ter raiva da minha dor.<br \/>\nEu tinha apenas uma grande empatia pelo que minha m\u00e3e deve ter passado ouvindo os gritos de seu beb\u00ea enquanto ela me exercitava. Ainda hoje meus olhos se enchem de \u00e1gua quando penso na ang\u00fastia dela.<\/p>\n<p>Naquela noite, eu fechei meus olhos e tentei &#8220;sentir&#8221; a sensa\u00e7\u00e3o de formigamento em meu bra\u00e7o novamente para medir a intensidade e avaliar meu progresso com EFT.<br \/>\nEu usei apenas minha imagina\u00e7\u00e3o em vez de batidas f\u00edsicas.<br \/>\nImaginando-me batendo nos pontos regulares de EFT.<br \/>\nQuando eu sentia tristeza eu fazia o tapping:<\/p>\n<p>Mesmo que os m\u00e9dicos tenham usado f\u00f3rceps e me puxado cruelmente para o mundo &#8230;<br \/>\nMesmo que aqueles m\u00e9dicos tenham sido uns canalhas &#8230;<br \/>\nMesmo que eles tenham sido arrogantes e me machucado &#8230;<br \/>\nMesmo que os m\u00e9dicos fossem cavalheiros sobre a minha deformidade &#8230;<br \/>\nMesmo que os m\u00e9dicos tenham dito \u00e0 minha m\u00e3e que n\u00e3o havia nada a fazer &#8211; &#8220;tudo que pode fazer \u00e9 lev\u00e1-la para casa&#8221; &#8230; e estou aberta a perdoar esses m\u00e9dicos.<\/p>\n<p>Eu tentei fazer o tapping na dor que minha m\u00e3e me causou, mas n\u00e3o havia nenhuma &#8220;carga&#8221; a este esfor\u00e7o. Ent\u00e3o eu fiz:<\/p>\n<p>Embora eu sinta a dor que minha m\u00e3e muito jovem deve ter sentido por machucar seu beb\u00ea exercitando este bra\u00e7o, eu amo minha m\u00e3e por ter tido a coragem de fazer este exerc\u00edcio e eu me amo.<\/p>\n<p>Houve uma s\u00e9rie de rodadas semelhantes.<br \/>\nEnt\u00e3o, do nada surgiu uma imagem de um pequeno t\u00fanel escuro com uma luz branca difusa e borrada. (Eu quase parei esta imagem porque parecia rid\u00edculo imaginar estar no \u00fatero, mas eu suavizei meu desejo de editar meus sentimentos e comecei a fazer o tapping).<br \/>\nLogo comecei a me sentir muito irritada:<\/p>\n<p>Mesmo que eu n\u00e3o queira nascer &#8230;<br \/>\nMesmo que eu n\u00e3o queira fazer &#8216;isto&#8217; de novo &#8230;<br \/>\nMesmo que eu estivesse &#8216;aqui&#8217; antes e n\u00e3o quero ir &#8230;<\/p>\n<p>Logo, a raiva se dissipou. Tive algumas l\u00e1grimas de tristeza, mas me senti bem.<br \/>\nDesde aquele dia eu n\u00e3o tenho mais dor no meu pesco\u00e7o e ombro.<br \/>\nEle fica r\u00edgido depois de me exercitar, mas a dor constante realmente desapareceu.<br \/>\n\u00c0s vezes parece estranho n\u00e3o ter dor &#8211; mas \u00e9 maravilhoso. <\/p>\n<p>A prop\u00f3sito, minha amiga ligou para agendar sess\u00f5es de EFT.<br \/>\nEspero que ela tenha a mesma cura incr\u00edvel.<\/p>\n<p>Atenciosamente, Diane E. Dalton<\/p>\n<p>_______________________<br \/>\nTradu\u00e7\u00e3o e adapta\u00e7\u00e3o por <a href=\"http:\/\/mizuji.com\">Mizuji Kajii<\/a><br \/>\nFonte: emofree.com<\/p>\n","protected":false},"excerpt":{"rendered":"<p>Nota: Este artigo pressup\u00f5e que voc\u00ea tenha um conhecimento pr\u00e1tico de EFT. Se voc\u00ea ainda n\u00e3o tem esse conhecimento, recomenda-se fazer este curso gratuito antes de prosseguir: EFT em 6 passos Ol\u00e1 a todos, Encontrar problemas centrais \u00e9 cr\u00edtico se voc\u00ea estiver expandindo suas habilidades de EFT para os n\u00edveis mais elevados. Para encontr\u00e1-los, voc\u00ea &#8230; <a title=\"Dor muito antiga eliminada ap\u00f3s encontrar a quest\u00e3o central\" class=\"read-more\" href=\"https:\/\/mizuji.com.br\/fluir\/especialista-em-dores-cronicas-relaciona-dores-e-emocoes-nao-resolvidas\/dor-muito-antiga-eliminada-apos-encontrar-a-questao-central\/\" aria-label=\"Read more about Dor muito antiga eliminada ap\u00f3s encontrar a quest\u00e3o central\">Ler mais<\/a><\/p>\n","protected":false},"author":1,"featured_media":548,"parent":433,"menu_order":0,"comment_status":"open","ping_status":"closed","template":"","meta":{"_exactmetrics_skip_tracking":false,"_exactmetrics_sitenote_active":false,"_exactmetrics_sitenote_note":"","_exactmetrics_sitenote_category":0,"jetpack_post_was_ever_published":false,"footnotes":""},"class_list":["post-547","page","type-page","status-publish","has-post-thumbnail"],"jetpack_sharing_enabled":true,"jetpack_shortlink":"https:\/\/wp.me\/P6NN1R-8P","jetpack-related-posts":[],"_links":{"self":[{"href":"https:\/\/mizuji.com.br\/fluir\/wp-json\/wp\/v2\/pages\/547","targetHints":{"allow":["GET"]}}],"collection":[{"href":"https:\/\/mizuji.com.br\/fluir\/wp-json\/wp\/v2\/pages"}],"about":[{"href":"https:\/\/mizuji.com.br\/fluir\/wp-json\/wp\/v2\/types\/page"}],"author":[{"embeddable":true,"href":"https:\/\/mizuji.com.br\/fluir\/wp-json\/wp\/v2\/users\/1"}],"replies":[{"embeddable":true,"href":"https:\/\/mizuji.com.br\/fluir\/wp-json\/wp\/v2\/comments?post=547"}],"version-history":[{"count":0,"href":"https:\/\/mizuji.com.br\/fluir\/wp-json\/wp\/v2\/pages\/547\/revisions"}],"up":[{"embeddable":true,"href":"https:\/\/mizuji.com.br\/fluir\/wp-json\/wp\/v2\/pages\/433"}],"wp:featuredmedia":[{"embeddable":true,"href":"https:\/\/mizuji.com.br\/fluir\/wp-json\/wp\/v2\/media\/548"}],"wp:attachment":[{"href":"https:\/\/mizuji.com.br\/fluir\/wp-json\/wp\/v2\/media?parent=547"}],"curies":[{"name":"wp","href":"https:\/\/api.w.org\/{rel}","templated":true}]}}