{"id":9643,"date":"2024-01-21T08:33:35","date_gmt":"2024-01-21T11:33:35","guid":{"rendered":"https:\/\/mizuji.com.br\/dv\/?page_id=9643"},"modified":"2025-09-28T16:07:41","modified_gmt":"2025-09-28T19:07:41","slug":"cg-pnl-express","status":"publish","type":"page","link":"https:\/\/mizuji.com.br\/dv\/cg-pnl-express\/","title":{"rendered":"cg-PNL Express"},"content":{"rendered":"\t\t<div data-elementor-type=\"wp-page\" data-elementor-id=\"9643\" class=\"elementor elementor-9643\" data-elementor-post-type=\"page\">\n\t\t\t\t\t\t<section class=\"elementor-section elementor-top-section elementor-element elementor-element-3ec6b11 elementor-section-boxed elementor-section-height-default elementor-section-height-default\" data-id=\"3ec6b11\" data-element_type=\"section\" data-e-type=\"section\" data-settings=\"{&quot;background_background&quot;:&quot;classic&quot;}\">\n\t\t\t\t\t\t<div class=\"elementor-container elementor-column-gap-default\">\n\t\t\t\t\t<div class=\"elementor-column elementor-col-16 elementor-top-column elementor-element elementor-element-66dd2d8\" data-id=\"66dd2d8\" data-element_type=\"column\" data-e-type=\"column\">\n\t\t\t<div class=\"elementor-widget-wrap\">\n\t\t\t\t\t\t\t<\/div>\n\t\t<\/div>\n\t\t\t\t<div class=\"elementor-column elementor-col-66 elementor-top-column elementor-element elementor-element-548278d\" data-id=\"548278d\" data-element_type=\"column\" data-e-type=\"column\">\n\t\t\t<div class=\"elementor-widget-wrap elementor-element-populated\">\n\t\t\t\t\t\t<div class=\"elementor-element elementor-element-7749767 elementor-widget elementor-widget-text-editor\" data-id=\"7749767\" data-element_type=\"widget\" data-e-type=\"widget\" data-widget_type=\"text-editor.default\">\n\t\t\t\t<div class=\"elementor-widget-container\">\n\t\t\t\t\t\t\t\t\t<p style=\"text-align: center;\"><span style=\"color: #00ffff;\"><a style=\"color: #00ffff;\" href=\"https:\/\/mizuji.com.br\">Home<\/a>\u00a0 \u00a0 <a style=\"color: #00ffff;\" href=\"https:\/\/mizuji.com.br\/per\">Pe\u00e7a e Receba<\/a>\u00a0 \u00a0 <a style=\"color: #00ffff;\" href=\"https:\/\/mizuji.com.br\/terapiaonline\/\">Terapia online<\/a><\/span><\/p>\t\t\t\t\t\t\t\t<\/div>\n\t\t\t\t<\/div>\n\t\t\t\t<div class=\"elementor-element elementor-element-e8614c5 elementor-widget elementor-widget-text-editor\" data-id=\"e8614c5\" data-element_type=\"widget\" data-e-type=\"widget\" data-widget_type=\"text-editor.default\">\n\t\t\t\t<div class=\"elementor-widget-container\">\n\t\t\t\t\t\t\t\t\t<h2 style=\"text-align: center;\"><strong><span style=\"color: #ffff00; font-family: Verdana; font-size: 300%;\">PNL Express<\/span><\/strong><\/h2><h3 style=\"text-align: right;\"><span style=\"color: #ffff00;\">Curso online<\/span><\/h3><div id=\"ib2_el_35lbN3ZX-box2\" class=\"ib2-section-content ib2-section-col ib2-last-col\"><div id=\"ib2_el_PzXHguC3\" class=\"ib2-content-el ib2-text-el ib2-title-el\" spellcheck=\"false\" data-animation=\"none\" data-shadow=\"none\" data-el=\"text\"><p style=\"text-align: right;\"><span style=\"color: #ffffff;\">com Mizuji Kajii<\/span><\/p><\/div><\/div>\t\t\t\t\t\t\t\t<\/div>\n\t\t\t\t<\/div>\n\t\t\t\t\t<\/div>\n\t\t<\/div>\n\t\t\t\t<div class=\"elementor-column elementor-col-16 elementor-top-column elementor-element elementor-element-5953e80\" data-id=\"5953e80\" data-element_type=\"column\" data-e-type=\"column\">\n\t\t\t<div class=\"elementor-widget-wrap\">\n\t\t\t\t\t\t\t<\/div>\n\t\t<\/div>\n\t\t\t\t\t<\/div>\n\t\t<\/section>\n\t\t\t\t<section class=\"elementor-section elementor-top-section elementor-element elementor-element-b57db53 elementor-section-boxed elementor-section-height-default elementor-section-height-default\" data-id=\"b57db53\" data-element_type=\"section\" data-e-type=\"section\">\n\t\t\t\t\t\t<div class=\"elementor-container elementor-column-gap-default\">\n\t\t\t\t\t<div class=\"elementor-column elementor-col-16 elementor-top-column elementor-element elementor-element-9b1f098\" data-id=\"9b1f098\" data-element_type=\"column\" data-e-type=\"column\">\n\t\t\t<div class=\"elementor-widget-wrap\">\n\t\t\t\t\t\t\t<\/div>\n\t\t<\/div>\n\t\t\t\t<div class=\"elementor-column elementor-col-66 elementor-top-column elementor-element elementor-element-5fddebf\" data-id=\"5fddebf\" data-element_type=\"column\" data-e-type=\"column\">\n\t\t\t<div class=\"elementor-widget-wrap elementor-element-populated\">\n\t\t\t\t\t\t<div class=\"elementor-element elementor-element-b8e9b5a elementor-widget elementor-widget-text-editor\" data-id=\"b8e9b5a\" data-element_type=\"widget\" data-e-type=\"widget\" data-widget_type=\"text-editor.default\">\n\t\t\t\t<div class=\"elementor-widget-container\">\n\t\t\t\t\t\t\t\t\t<p style=\"text-align: center;\" align=\"left\"><span style=\"color: #000000;\"><span class=\"Apple-style-span\"><span style=\"font-family: Verdana; font-size: x-large;\">Grava\u00e7\u00e3o completa do curso online j\u00e1 realizado\u00a0<\/span><\/span><\/span><\/p><p style=\"text-align: center;\" align=\"left\"><span style=\"color: #000000;\"><span class=\"Apple-style-span\"><span style=\"font-family: Verdana; font-size: x-large;\">com 5<\/span><\/span><span class=\"Apple-style-span\"><span style=\"font-family: Verdana; font-size: x-large;\">\u00a0aulas de 60 minutos cada.<\/span><\/span><\/span><\/p>\t\t\t\t\t\t\t\t<\/div>\n\t\t\t\t<\/div>\n\t\t\t\t<div class=\"elementor-element elementor-element-d3c1b7c elementor-button-danger elementor-align-center elementor-widget elementor-widget-button\" data-id=\"d3c1b7c\" data-element_type=\"widget\" data-e-type=\"widget\" data-widget_type=\"button.default\">\n\t\t\t\t<div class=\"elementor-widget-container\">\n\t\t\t\t\t\t\t\t\t<div class=\"elementor-button-wrapper\">\n\t\t\t\t\t<a class=\"elementor-button elementor-button-link elementor-size-sm\" href=\"#pagamento\">\n\t\t\t\t\t\t<span class=\"elementor-button-content-wrapper\">\n\t\t\t\t\t\t\t\t\t<span class=\"elementor-button-text\">Clique aqui para comprar<\/span>\n\t\t\t\t\t<\/span>\n\t\t\t\t\t<\/a>\n\t\t\t\t<\/div>\n\t\t\t\t\t\t\t\t<\/div>\n\t\t\t\t<\/div>\n\t\t\t\t\t<\/div>\n\t\t<\/div>\n\t\t\t\t<div class=\"elementor-column elementor-col-16 elementor-top-column elementor-element elementor-element-7692204\" data-id=\"7692204\" data-element_type=\"column\" data-e-type=\"column\">\n\t\t\t<div class=\"elementor-widget-wrap\">\n\t\t\t\t\t\t\t<\/div>\n\t\t<\/div>\n\t\t\t\t\t<\/div>\n\t\t<\/section>\n\t\t\t\t<section class=\"elementor-section elementor-top-section elementor-element elementor-element-df573a7 elementor-section-boxed elementor-section-height-default elementor-section-height-default\" data-id=\"df573a7\" data-element_type=\"section\" data-e-type=\"section\">\n\t\t\t\t\t\t<div class=\"elementor-container elementor-column-gap-default\">\n\t\t\t\t\t<div class=\"elementor-column elementor-col-25 elementor-top-column elementor-element elementor-element-a6eb89a\" data-id=\"a6eb89a\" data-element_type=\"column\" data-e-type=\"column\">\n\t\t\t<div class=\"elementor-widget-wrap\">\n\t\t\t\t\t\t\t<\/div>\n\t\t<\/div>\n\t\t\t\t<div class=\"elementor-column elementor-col-50 elementor-top-column elementor-element elementor-element-4cf7c9c\" data-id=\"4cf7c9c\" data-element_type=\"column\" data-e-type=\"column\">\n\t\t\t<div class=\"elementor-widget-wrap elementor-element-populated\">\n\t\t\t\t\t\t<div class=\"elementor-element elementor-element-ad4a490 elementor-widget elementor-widget-video\" data-id=\"ad4a490\" data-element_type=\"widget\" data-e-type=\"widget\" data-settings=\"{&quot;youtube_url&quot;:&quot;https:\\\/\\\/youtu.be\\\/il7s81rQVwc&quot;,&quot;video_type&quot;:&quot;youtube&quot;,&quot;controls&quot;:&quot;yes&quot;}\" data-widget_type=\"video.default\">\n\t\t\t\t<div class=\"elementor-widget-container\">\n\t\t\t\t\t\t\t<div class=\"elementor-wrapper elementor-open-inline\">\n\t\t\t<div class=\"elementor-video\"><\/div>\t\t<\/div>\n\t\t\t\t\t\t<\/div>\n\t\t\t\t<\/div>\n\t\t\t\t\t<\/div>\n\t\t<\/div>\n\t\t\t\t<div class=\"elementor-column elementor-col-25 elementor-top-column elementor-element elementor-element-d4973f4\" data-id=\"d4973f4\" data-element_type=\"column\" data-e-type=\"column\">\n\t\t\t<div class=\"elementor-widget-wrap\">\n\t\t\t\t\t\t\t<\/div>\n\t\t<\/div>\n\t\t\t\t\t<\/div>\n\t\t<\/section>\n\t\t\t\t<section class=\"elementor-section elementor-top-section elementor-element elementor-element-05bc1ce elementor-section-boxed elementor-section-height-default elementor-section-height-default\" data-id=\"05bc1ce\" data-element_type=\"section\" data-e-type=\"section\" data-settings=\"{&quot;background_background&quot;:&quot;gradient&quot;}\">\n\t\t\t\t\t\t<div class=\"elementor-container elementor-column-gap-default\">\n\t\t\t\t\t<div class=\"elementor-column elementor-col-16 elementor-top-column elementor-element elementor-element-ed5fd25\" data-id=\"ed5fd25\" data-element_type=\"column\" data-e-type=\"column\">\n\t\t\t<div class=\"elementor-widget-wrap\">\n\t\t\t\t\t\t\t<\/div>\n\t\t<\/div>\n\t\t\t\t<div class=\"elementor-column elementor-col-66 elementor-top-column elementor-element elementor-element-a2acdab\" data-id=\"a2acdab\" data-element_type=\"column\" data-e-type=\"column\">\n\t\t\t<div class=\"elementor-widget-wrap elementor-element-populated\">\n\t\t\t\t\t\t<div class=\"elementor-element elementor-element-ba84c4c elementor-widget elementor-widget-text-editor\" data-id=\"ba84c4c\" data-element_type=\"widget\" data-e-type=\"widget\" data-widget_type=\"text-editor.default\">\n\t\t\t\t<div class=\"elementor-widget-container\">\n\t\t\t\t\t\t\t\t\t<p align=\"center\"><span style=\"color: #000000;\"><strong><span style=\"font-family: Verdana; font-size: large;\">Veja os t\u00f3picos<\/span><\/strong><\/span><\/p><blockquote><blockquote><ul><li><p><span style=\"font-family: Verdana; font-size: large; color: #000000;\">Aula\u00a01:<\/span><\/p><ul><li><p><span style=\"font-family: Verdana; font-size: large; color: #000000;\">Como criar estados de recurso poderosos para fazer mudan\u00e7as impressionantes<\/span><\/p><\/li><\/ul><\/li><li><p><span style=\"font-family: Verdana; font-size: large; color: #000000;\">Aula\u00a02:<\/span><\/p><ul><li><p><span style=\"font-family: Verdana; font-size: large; color: #000000;\">Como fazer mudan\u00e7a pessoal profunda e eficaz usando o m\u00e1gico poder\u00a0da linha do tempo<\/span><\/p><\/li><\/ul><\/li><li><p><span style=\"font-family: Verdana; font-size: large; color: #000000;\">Aula\u00a03:<\/span><\/p><ul><li><p><span style=\"font-family: Verdana; font-size: large; color: #000000;\">Como criar um futuro atraente usando o impressionante\u00a0\u00a0poder da linha do tempo<\/span><\/p><\/li><\/ul><\/li><li><p><span style=\"font-family: Verdana; font-size: large; color: #000000;\">Aula\u00a04:<\/span><\/p><ul><li><p><span style=\"font-family: Verdana; font-size: large; color: #000000;\">Como turbinar sua autoestima e muito mais com o padr\u00e3o swish<\/span><\/p><\/li><\/ul><\/li><li><p><span style=\"font-family: Verdana; font-size: large; color: #000000;\">Aula\u00a05:<\/span><\/p><ul><li><p><span style=\"font-family: Verdana; font-size: large; color: #000000;\">Como acessar rapidamente novos insights, perspectivas e conhecimentos que v\u00e3o aumentar seu poder pessoal<\/span><\/p><\/li><\/ul><\/li><\/ul><\/blockquote><\/blockquote>\t\t\t\t\t\t\t\t<\/div>\n\t\t\t\t<\/div>\n\t\t\t\t\t<\/div>\n\t\t<\/div>\n\t\t\t\t<div class=\"elementor-column elementor-col-16 elementor-top-column elementor-element elementor-element-67d0244\" data-id=\"67d0244\" data-element_type=\"column\" data-e-type=\"column\">\n\t\t\t<div class=\"elementor-widget-wrap\">\n\t\t\t\t\t\t\t<\/div>\n\t\t<\/div>\n\t\t\t\t\t<\/div>\n\t\t<\/section>\n\t\t\t\t<section class=\"elementor-section elementor-top-section elementor-element elementor-element-34ebbf1 elementor-section-boxed elementor-section-height-default elementor-section-height-default\" data-id=\"34ebbf1\" data-element_type=\"section\" data-e-type=\"section\">\n\t\t\t\t\t\t<div class=\"elementor-container elementor-column-gap-default\">\n\t\t\t\t\t<div class=\"elementor-column elementor-col-16 elementor-top-column elementor-element elementor-element-98252dd\" data-id=\"98252dd\" data-element_type=\"column\" data-e-type=\"column\">\n\t\t\t<div class=\"elementor-widget-wrap\">\n\t\t\t\t\t\t\t<\/div>\n\t\t<\/div>\n\t\t\t\t<div class=\"elementor-column elementor-col-66 elementor-top-column elementor-element elementor-element-06082ed\" data-id=\"06082ed\" data-element_type=\"column\" data-e-type=\"column\">\n\t\t\t<div class=\"elementor-widget-wrap elementor-element-populated\">\n\t\t\t\t\t\t<div class=\"elementor-element elementor-element-8dbbef6 elementor-widget elementor-widget-spacer\" data-id=\"8dbbef6\" data-element_type=\"widget\" data-e-type=\"widget\" data-widget_type=\"spacer.default\">\n\t\t\t\t<div class=\"elementor-widget-container\">\n\t\t\t\t\t\t\t<div class=\"elementor-spacer\">\n\t\t\t<div class=\"elementor-spacer-inner\"><\/div>\n\t\t<\/div>\n\t\t\t\t\t\t<\/div>\n\t\t\t\t<\/div>\n\t\t\t\t<div class=\"elementor-element elementor-element-c974f66 elementor-widget elementor-widget-text-editor\" data-id=\"c974f66\" data-element_type=\"widget\" data-e-type=\"widget\" data-widget_type=\"text-editor.default\">\n\t\t\t\t<div class=\"elementor-widget-container\">\n\t\t\t\t\t\t\t\t\t<h2 style=\"text-align: center;\"><strong>Como funciona?<\/strong><\/h2><ul class=\"green-check3\"><li><span style=\"font-family: arial, helvetica, sans-serif; font-size: 20px;\">O curso consiste de 3 arquivos para download:<\/span><br \/><span style=\"font-family: arial, helvetica, sans-serif; font-size: 20px;\">v\u00eddeo em mp4 (grava\u00e7\u00e3o completa do curso)<\/span><br \/><span style=\"font-family: arial, helvetica, sans-serif; font-size: 20px;\">\u00e1udio em mp3 (grava\u00e7\u00e3o completa do curso, apenas \u00e1udio)<\/span><br \/><span style=\"font-family: arial, helvetica, sans-serif; font-size: 20px;\">slides em PPT e PDF<\/span><\/li><li><span style=\"font-family: arial, helvetica, sans-serif; font-size: 20px;\">O v\u00eddeo oferece uma experi\u00eancia bastante pr\u00f3xima da participa\u00e7\u00e3o ao vivo. Apenas n\u00e3o poder\u00e1 interagir, por se tratar de grava\u00e7\u00e3o. Com a vantagem de que n\u00e3o haver\u00e1 eventuais travamentos devido a problemas de conex\u00e3o, j\u00e1 que o arquivo est\u00e1 gravado no seu computador.<\/span><\/li><li><span style=\"font-family: arial, helvetica, sans-serif; font-size: 20px;\">Al\u00e9m disso, voc\u00ea tamb\u00e9m ter\u00e1 a op\u00e7\u00e3o de acessar o v\u00eddeo online, permitindo o acesso atrav\u00e9s de dispositivos m\u00f3veis como tablet e smartphone, al\u00e9m do computador.<\/span><\/li><li><span style=\"font-family: arial, helvetica, sans-serif; font-size: 20px;\">Voc\u00ea poder\u00e1 esclarecer d\u00favidas via email<\/span><\/li><\/ul>\t\t\t\t\t\t\t\t<\/div>\n\t\t\t\t<\/div>\n\t\t\t\t<div class=\"elementor-element elementor-element-11656fe elementor-widget elementor-widget-menu-anchor\" data-id=\"11656fe\" data-element_type=\"widget\" data-e-type=\"widget\" data-widget_type=\"menu-anchor.default\">\n\t\t\t\t<div class=\"elementor-widget-container\">\n\t\t\t\t\t\t\t<div class=\"elementor-menu-anchor\" id=\"pagamento\"><\/div>\n\t\t\t\t\t\t<\/div>\n\t\t\t\t<\/div>\n\t\t\t\t\t<\/div>\n\t\t<\/div>\n\t\t\t\t<div class=\"elementor-column elementor-col-16 elementor-top-column elementor-element elementor-element-4cc6998\" data-id=\"4cc6998\" data-element_type=\"column\" data-e-type=\"column\">\n\t\t\t<div class=\"elementor-widget-wrap\">\n\t\t\t\t\t\t\t<\/div>\n\t\t<\/div>\n\t\t\t\t\t<\/div>\n\t\t<\/section>\n\t\t\t\t<section class=\"elementor-section elementor-top-section elementor-element elementor-element-c7f3984 elementor-section-boxed elementor-section-height-default elementor-section-height-default\" data-id=\"c7f3984\" data-element_type=\"section\" data-e-type=\"section\">\n\t\t\t\t\t\t<div class=\"elementor-container elementor-column-gap-default\">\n\t\t\t\t\t<div class=\"elementor-column elementor-col-16 elementor-top-column elementor-element elementor-element-4402dba\" data-id=\"4402dba\" data-element_type=\"column\" data-e-type=\"column\">\n\t\t\t<div class=\"elementor-widget-wrap\">\n\t\t\t\t\t\t\t<\/div>\n\t\t<\/div>\n\t\t\t\t<div class=\"elementor-column elementor-col-66 elementor-top-column elementor-element elementor-element-270e262\" data-id=\"270e262\" data-element_type=\"column\" data-e-type=\"column\">\n\t\t\t<div class=\"elementor-widget-wrap elementor-element-populated\">\n\t\t\t\t\t\t<div class=\"elementor-element elementor-element-2ebb57e elementor-widget elementor-widget-text-editor\" data-id=\"2ebb57e\" data-element_type=\"widget\" data-e-type=\"widget\" data-widget_type=\"text-editor.default\">\n\t\t\t\t<div class=\"elementor-widget-container\">\n\t\t\t\t\t\t\t\t\t<p style=\"text-align: center;\"><span style=\"font-size: 28px; background-color: #ffff00;\"><span style=\"border-style: solid; border-color: #e5e7eb; --tw-border-spacing-x: 0; --tw-border-spacing-y: 0; --tw-translate-x: 0; --tw-translate-y: 0; --tw-rotate: 0; --tw-skew-x: 0; --tw-skew-y: 0; --tw-scale-x: 1; --tw-scale-y: 1; --tw-scroll-snap-strictness: proximity; --tw-ring-offset-width: 0px; --tw-ring-offset-color: #fff; --tw-ring-color: rgba(59,130,246,0.5); --tw-ring-offset-shadow: 0 0 transparent; --tw-ring-shadow: 0 0 transparent; --tw-shadow: 0 0 transparent; --tw-shadow-colored: 0 0 transparent; font-weight: bold; user-select: auto;\">PAGUE AQUI:<\/span><\/span><\/p><p style=\"text-align: center;\"><span style=\"font-size: 28px;\"><span style=\"border-style: solid; border-color: #e5e7eb; --tw-border-spacing-x: 0; --tw-border-spacing-y: 0; --tw-translate-x: 0; --tw-translate-y: 0; --tw-rotate: 0; --tw-skew-x: 0; --tw-skew-y: 0; --tw-scale-x: 1; --tw-scale-y: 1; --tw-scroll-snap-strictness: proximity; --tw-ring-offset-width: 0px; --tw-ring-offset-color: #fff; --tw-ring-color: rgba(59,130,246,0.5); --tw-ring-offset-shadow: 0 0 transparent; --tw-ring-shadow: 0 0 transparent; --tw-shadow: 0 0 transparent; --tw-shadow-colored: 0 0 transparent; font-weight: bold; user-select: auto;\"><span style=\"color: #333333;\">Investimento: R$150,00<\/span><\/span><\/span><\/p><div id=\"ib2_el_HXTaHt2o\" class=\"ib2-content-el ib2-text-el\" spellcheck=\"false\" data-animation=\"none\" data-shadow=\"none\" data-el=\"text\"><p style=\"text-align: center;\">escolha uma das op\u00e7\u00f5es abaixo para pagar<\/p><\/div>\t\t\t\t\t\t\t\t<\/div>\n\t\t\t\t<\/div>\n\t\t\t\t\t<\/div>\n\t\t<\/div>\n\t\t\t\t<div class=\"elementor-column elementor-col-16 elementor-top-column elementor-element elementor-element-d789a33\" data-id=\"d789a33\" data-element_type=\"column\" data-e-type=\"column\">\n\t\t\t<div class=\"elementor-widget-wrap\">\n\t\t\t\t\t\t\t<\/div>\n\t\t<\/div>\n\t\t\t\t\t<\/div>\n\t\t<\/section>\n\t\t\t\t<section class=\"elementor-section elementor-top-section elementor-element elementor-element-fcdde9f elementor-section-boxed elementor-section-height-default elementor-section-height-default\" data-id=\"fcdde9f\" data-element_type=\"section\" data-e-type=\"section\" data-settings=\"{&quot;background_background&quot;:&quot;classic&quot;}\">\n\t\t\t\t\t\t<div class=\"elementor-container elementor-column-gap-default\">\n\t\t\t\t\t<div class=\"elementor-column elementor-col-20 elementor-top-column elementor-element elementor-element-c8c4a5b\" data-id=\"c8c4a5b\" data-element_type=\"column\" data-e-type=\"column\">\n\t\t\t<div class=\"elementor-widget-wrap\">\n\t\t\t\t\t\t\t<\/div>\n\t\t<\/div>\n\t\t\t\t<div class=\"elementor-column elementor-col-20 elementor-top-column elementor-element elementor-element-cddbc25\" data-id=\"cddbc25\" data-element_type=\"column\" data-e-type=\"column\">\n\t\t\t<div class=\"elementor-widget-wrap elementor-element-populated\">\n\t\t\t\t\t\t<div class=\"elementor-element elementor-element-aad1046 elementor-widget__width-initial elementor-widget elementor-widget-text-editor\" data-id=\"aad1046\" data-element_type=\"widget\" data-e-type=\"widget\" data-widget_type=\"text-editor.default\">\n\t\t\t\t<div class=\"elementor-widget-container\">\n\t\t\t\t\t\t\t\t\t<p>Dep\u00f3sito, TEF, DOC, dep\u00f3sito em casas lot\u00e9ricas<\/p>\t\t\t\t\t\t\t\t<\/div>\n\t\t\t\t<\/div>\n\t\t\t\t<div class=\"elementor-element elementor-element-1e1e94f elementor-widget elementor-widget-image\" data-id=\"1e1e94f\" data-element_type=\"widget\" data-e-type=\"widget\" data-widget_type=\"image.default\">\n\t\t\t\t<div class=\"elementor-widget-container\">\n\t\t\t\t\t\t\t\t\t\t\t\t\t\t\t\t<a href=\"http:\/\/www.mizuji.com\/pagamentos\/depositos-cef.htm\">\n\t\t\t\t\t\t\t<img decoding=\"async\" src=\"http:\/\/mizuji.com.br\/dv\/wp-content\/uploads\/2016\/05\/ScreenHunter_1545-May.-17-07.47.jpg\" title=\"\" alt=\"\" loading=\"lazy\" \/>\t\t\t\t\t\t\t\t<\/a>\n\t\t\t\t\t\t\t\t\t\t\t\t\t\t\t<\/div>\n\t\t\t\t<\/div>\n\t\t\t\t\t<\/div>\n\t\t<\/div>\n\t\t\t\t<div class=\"elementor-column elementor-col-20 elementor-top-column elementor-element elementor-element-bcee041\" data-id=\"bcee041\" data-element_type=\"column\" data-e-type=\"column\">\n\t\t\t<div class=\"elementor-widget-wrap elementor-element-populated\">\n\t\t\t\t\t\t<div class=\"elementor-element elementor-element-5bf043f elementor-widget elementor-widget-text-editor\" data-id=\"5bf043f\" data-element_type=\"widget\" data-e-type=\"widget\" data-widget_type=\"text-editor.default\">\n\t\t\t\t<div class=\"elementor-widget-container\">\n\t\t\t\t\t\t\t\t\t<p style=\"text-align: center;\"><span style=\"color: #000000;\"><strong>PIX<\/strong><\/span> CEF- use esta chave: <span style=\"color: #000000;\">mizuji3@mizuji.com<\/span><\/p>\t\t\t\t\t\t\t\t<\/div>\n\t\t\t\t<\/div>\n\t\t\t\t\t<\/div>\n\t\t<\/div>\n\t\t\t\t<div class=\"elementor-column elementor-col-20 elementor-top-column elementor-element elementor-element-62c426f\" data-id=\"62c426f\" data-element_type=\"column\" data-e-type=\"column\">\n\t\t\t<div class=\"elementor-widget-wrap elementor-element-populated\">\n\t\t\t\t\t\t<div class=\"elementor-element elementor-element-93f255b elementor-widget elementor-widget-text-editor\" data-id=\"93f255b\" data-element_type=\"widget\" data-e-type=\"widget\" data-widget_type=\"text-editor.default\">\n\t\t\t\t<div class=\"elementor-widget-container\">\n\t\t\t\t\t\t\t\t\t<p style=\"text-align: center;\"><span style=\"color: #333300;\">Cart\u00e3o de cr\u00e9dito, parcelamento (at\u00e9 4x sem juros), pagamento a partir do exterior, conta Paypal\u00a0<\/span><\/p>\t\t\t\t\t\t\t\t<\/div>\n\t\t\t\t<\/div>\n\t\t\t\t<div class=\"elementor-element elementor-element-9f9d70d elementor-widget elementor-widget-html\" data-id=\"9f9d70d\" data-element_type=\"widget\" data-e-type=\"widget\" data-widget_type=\"html.default\">\n\t\t\t\t<div class=\"elementor-widget-container\">\n\t\t\t\t\t<form action=\"https:\/\/www.paypal.com\/cgi-bin\/webscr\" method=\"post\" target=\"_top\">\n  <input type=\"hidden\" name=\"cmd\" value=\"_s-xclick\" \/>\n  <input type=\"hidden\" name=\"hosted_button_id\" value=\"HTU8NXYNXQLT2\" \/>\n  <input type=\"hidden\" name=\"currency_code\" value=\"BRL\" \/>\n  <input type=\"image\" src=\"https:\/\/www.paypalobjects.com\/pt_BR\/i\/btn\/btn_buynowCC_LG.gif\" border=\"0\" name=\"submit\" title=\"O PayPal \u00e9 a forma f\u00e1cil e segura de pagar suas compras on-line.\" alt=\"Comprar agora\" \/>\n<\/form>\t\t\t\t<\/div>\n\t\t\t\t<\/div>\n\t\t\t\t\t<\/div>\n\t\t<\/div>\n\t\t\t\t<div class=\"elementor-column elementor-col-20 elementor-top-column elementor-element elementor-element-c3dd6e4\" data-id=\"c3dd6e4\" data-element_type=\"column\" data-e-type=\"column\" data-settings=\"{&quot;background_background&quot;:&quot;classic&quot;}\">\n\t\t\t<div class=\"elementor-widget-wrap\">\n\t\t\t\t\t\t\t<\/div>\n\t\t<\/div>\n\t\t\t\t\t<\/div>\n\t\t<\/section>\n\t\t\t\t<section class=\"elementor-section elementor-top-section elementor-element elementor-element-13e8c8f elementor-section-boxed elementor-section-height-default elementor-section-height-default\" data-id=\"13e8c8f\" data-element_type=\"section\" data-e-type=\"section\">\n\t\t\t\t\t\t<div class=\"elementor-container elementor-column-gap-default\">\n\t\t\t\t\t<div class=\"elementor-column elementor-col-100 elementor-top-column elementor-element elementor-element-9394f84\" data-id=\"9394f84\" data-element_type=\"column\" data-e-type=\"column\">\n\t\t\t<div class=\"elementor-widget-wrap elementor-element-populated\">\n\t\t\t\t\t\t<div class=\"elementor-element elementor-element-856536c elementor-widget elementor-widget-spacer\" data-id=\"856536c\" data-element_type=\"widget\" data-e-type=\"widget\" data-widget_type=\"spacer.default\">\n\t\t\t\t<div class=\"elementor-widget-container\">\n\t\t\t\t\t\t\t<div class=\"elementor-spacer\">\n\t\t\t<div class=\"elementor-spacer-inner\"><\/div>\n\t\t<\/div>\n\t\t\t\t\t\t<\/div>\n\t\t\t\t<\/div>\n\t\t\t\t\t<\/div>\n\t\t<\/div>\n\t\t\t\t\t<\/div>\n\t\t<\/section>\n\t\t\t\t<\/div>\n\t\t","protected":false},"excerpt":{"rendered":"<p>Home\u00a0 \u00a0 Pe\u00e7a e Receba\u00a0 \u00a0 Terapia online PNL Express Curso online com Mizuji Kajii Grava\u00e7\u00e3o completa do curso online j\u00e1 realizado\u00a0 com 5\u00a0aulas de 60 minutos cada. Clique aqui para comprar https:\/\/youtu.be\/il7s81rQVwc Veja os t\u00f3picos Aula\u00a01: Como criar estados de recurso poderosos para fazer mudan\u00e7as impressionantes Aula\u00a02: Como fazer mudan\u00e7a pessoal profunda e eficaz [&hellip;]<\/p>\n","protected":false},"author":1,"featured_media":0,"parent":0,"menu_order":0,"comment_status":"closed","ping_status":"closed","template":"elementor_canvas","meta":{"h5ap_radio_sources":[],"footnotes":""},"class_list":["post-9643","page","type-page","status-publish","hentry","wpbf-post"],"_links":{"self":[{"href":"https:\/\/mizuji.com.br\/dv\/wp-json\/wp\/v2\/pages\/9643","targetHints":{"allow":["GET"]}}],"collection":[{"href":"https:\/\/mizuji.com.br\/dv\/wp-json\/wp\/v2\/pages"}],"about":[{"href":"https:\/\/mizuji.com.br\/dv\/wp-json\/wp\/v2\/types\/page"}],"author":[{"embeddable":true,"href":"https:\/\/mizuji.com.br\/dv\/wp-json\/wp\/v2\/users\/1"}],"replies":[{"embeddable":true,"href":"https:\/\/mizuji.com.br\/dv\/wp-json\/wp\/v2\/comments?post=9643"}],"version-history":[{"count":63,"href":"https:\/\/mizuji.com.br\/dv\/wp-json\/wp\/v2\/pages\/9643\/revisions"}],"predecessor-version":[{"id":15435,"href":"https:\/\/mizuji.com.br\/dv\/wp-json\/wp\/v2\/pages\/9643\/revisions\/15435"}],"wp:attachment":[{"href":"https:\/\/mizuji.com.br\/dv\/wp-json\/wp\/v2\/media?parent=9643"}],"curies":[{"name":"wp","href":"https:\/\/api.w.org\/{rel}","templated":true}]}}