{"id":7606,"date":"2023-10-09T15:04:50","date_gmt":"2023-10-09T18:04:50","guid":{"rendered":"https:\/\/mizuji.com.br\/dv\/?page_id=7606"},"modified":"2024-09-04T22:20:16","modified_gmt":"2024-09-05T01:20:16","slug":"cg-eft-para-financas-seu-sistema-de-crencas","status":"publish","type":"page","link":"https:\/\/mizuji.com.br\/dv\/cg-eft-para-financas-seu-sistema-de-crencas\/","title":{"rendered":"cg-EFT para Finan\u00e7as &#8211; seu sistema de cren\u00e7as"},"content":{"rendered":"\t\t<div data-elementor-type=\"wp-page\" data-elementor-id=\"7606\" class=\"elementor elementor-7606\" data-elementor-post-type=\"page\">\n\t\t\t\t\t\t<section class=\"elementor-section elementor-top-section elementor-element elementor-element-3ec6b11 elementor-section-boxed elementor-section-height-default elementor-section-height-default\" data-id=\"3ec6b11\" data-element_type=\"section\" data-e-type=\"section\" data-settings=\"{&quot;background_background&quot;:&quot;classic&quot;}\">\n\t\t\t\t\t\t<div class=\"elementor-container elementor-column-gap-default\">\n\t\t\t\t\t<div class=\"elementor-column elementor-col-16 elementor-top-column elementor-element elementor-element-66dd2d8\" data-id=\"66dd2d8\" data-element_type=\"column\" data-e-type=\"column\">\n\t\t\t<div class=\"elementor-widget-wrap\">\n\t\t\t\t\t\t\t<\/div>\n\t\t<\/div>\n\t\t\t\t<div class=\"elementor-column elementor-col-66 elementor-top-column elementor-element elementor-element-548278d\" data-id=\"548278d\" data-element_type=\"column\" data-e-type=\"column\">\n\t\t\t<div class=\"elementor-widget-wrap elementor-element-populated\">\n\t\t\t\t\t\t<div class=\"elementor-element elementor-element-7749767 elementor-widget elementor-widget-text-editor\" data-id=\"7749767\" data-element_type=\"widget\" data-e-type=\"widget\" data-widget_type=\"text-editor.default\">\n\t\t\t\t<div class=\"elementor-widget-container\">\n\t\t\t\t\t\t\t\t\t<p style=\"text-align: center;\"><span style=\"color: #00ffff;\"><a style=\"color: #00ffff;\" href=\"https:\/\/mizuji.com.br\">Home<\/a>\u00a0 \u00a0 <a style=\"color: #00ffff;\" href=\"https:\/\/mizuji.com.br\/per\">Pe\u00e7a e Receba<\/a>\u00a0 \u00a0 <a style=\"color: #00ffff;\" href=\"https:\/\/mizuji.com.br\/terapiaonline\/\">Terapia online<\/a><\/span><\/p>\t\t\t\t\t\t\t\t<\/div>\n\t\t\t\t<\/div>\n\t\t\t\t<div class=\"elementor-element elementor-element-46f9d9e elementor-widget elementor-widget-text-editor\" data-id=\"46f9d9e\" data-element_type=\"widget\" data-e-type=\"widget\" data-widget_type=\"text-editor.default\">\n\t\t\t\t<div class=\"elementor-widget-container\">\n\t\t\t\t\t\t\t\t\t<p style=\"text-align: center;\"><span class=\"d-text-shadow\" style=\"font-size: 48px; font-weight: bold; color: #ffff00;\"><strong style=\"user-select: auto;\">EFT para Finan\u00e7as:<\/strong><\/span><\/p><p style=\"text-align: center;\"><span class=\"d-text-shadow\" style=\"font-size: 48px; font-weight: bold; color: #ffff00;\"><strong style=\"user-select: auto;\">seu sistema de cren\u00e7as<\/strong><\/span><\/p><h1 style=\"text-align: right;\"><span style=\"color: #ffff00;\">Curso online<\/span><\/h1><div id=\"ib2_el_35lbN3ZX-box2\" class=\"ib2-section-content ib2-section-col ib2-last-col\"><div id=\"ib2_el_PzXHguC3\" class=\"ib2-content-el ib2-text-el ib2-title-el\" spellcheck=\"false\" data-animation=\"none\" data-shadow=\"none\" data-el=\"text\"><p style=\"text-align: right;\"><span style=\"color: #ffff00;\">com Mizuji Kajii<\/span><\/p><\/div><\/div>\t\t\t\t\t\t\t\t<\/div>\n\t\t\t\t<\/div>\n\t\t\t\t\t<\/div>\n\t\t<\/div>\n\t\t\t\t<div class=\"elementor-column elementor-col-16 elementor-top-column elementor-element elementor-element-5953e80\" data-id=\"5953e80\" data-element_type=\"column\" data-e-type=\"column\">\n\t\t\t<div class=\"elementor-widget-wrap\">\n\t\t\t\t\t\t\t<\/div>\n\t\t<\/div>\n\t\t\t\t\t<\/div>\n\t\t<\/section>\n\t\t\t\t<section class=\"elementor-section elementor-top-section elementor-element elementor-element-b57db53 elementor-section-boxed elementor-section-height-default elementor-section-height-default\" data-id=\"b57db53\" data-element_type=\"section\" data-e-type=\"section\">\n\t\t\t\t\t\t<div class=\"elementor-container elementor-column-gap-default\">\n\t\t\t\t\t<div class=\"elementor-column elementor-col-16 elementor-top-column elementor-element elementor-element-9b1f098\" data-id=\"9b1f098\" data-element_type=\"column\" data-e-type=\"column\">\n\t\t\t<div class=\"elementor-widget-wrap\">\n\t\t\t\t\t\t\t<\/div>\n\t\t<\/div>\n\t\t\t\t<div class=\"elementor-column elementor-col-66 elementor-top-column elementor-element elementor-element-5fddebf\" data-id=\"5fddebf\" data-element_type=\"column\" data-e-type=\"column\">\n\t\t\t<div class=\"elementor-widget-wrap elementor-element-populated\">\n\t\t\t\t\t\t<div class=\"elementor-element elementor-element-71e1edf elementor-widget elementor-widget-text-editor\" data-id=\"71e1edf\" data-element_type=\"widget\" data-e-type=\"widget\" data-widget_type=\"text-editor.default\">\n\t\t\t\t<div class=\"elementor-widget-container\">\n\t\t\t\t\t\t\t\t\t<p><span style=\"color: #000000;\"><em>&#8220;&#8230;No entanto, essa ampla variedade de &#8220;coisas chamadas EFT&#8221; causa confus\u00e3o para o p\u00fablico, e tornou-se muito dif\u00edcil para os rec\u00e9m-chegados distinguir a original, a verdadeira EFT de todas as varia\u00e7\u00f5es.&#8221; Gary Craig, criador da EFT<\/em><\/span><\/p>\t\t\t\t\t\t\t\t<\/div>\n\t\t\t\t<\/div>\n\t\t\t\t<div class=\"elementor-element elementor-element-b8e9b5a elementor-widget elementor-widget-text-editor\" data-id=\"b8e9b5a\" data-element_type=\"widget\" data-e-type=\"widget\" data-widget_type=\"text-editor.default\">\n\t\t\t\t<div class=\"elementor-widget-container\">\n\t\t\t\t\t\t\t\t\t<p style=\"text-align: center;\" align=\"left\"><span style=\"color: #000000;\"><span class=\"Apple-style-span\"><b><span style=\"font-family: Verdana; font-size: x-large;\">Grava\u00e7\u00e3o completa do curso online j\u00e1 realizado <\/span><\/b><span style=\"font-family: Verdana; font-size: x-large;\">\u00a0<\/span><\/span><\/span><\/p><p style=\"text-align: center;\" align=\"left\"><span style=\"color: #000000;\"><span class=\"Apple-style-span\"><span style=\"font-family: Verdana; font-size: x-large;\">com <\/span><span style=\"font-family: Verdana; font-size: x-large;\">dura\u00e7\u00e3o de 60 minutos<\/span><\/span><span class=\"Apple-style-span\"><span style=\"font-family: Verdana; font-size: x-large;\">.<\/span><\/span><\/span><\/p>\t\t\t\t\t\t\t\t<\/div>\n\t\t\t\t<\/div>\n\t\t\t\t<div class=\"elementor-element elementor-element-d3c1b7c elementor-button-danger elementor-align-center elementor-widget elementor-widget-button\" data-id=\"d3c1b7c\" data-element_type=\"widget\" data-e-type=\"widget\" data-widget_type=\"button.default\">\n\t\t\t\t<div class=\"elementor-widget-container\">\n\t\t\t\t\t\t\t\t\t<div class=\"elementor-button-wrapper\">\n\t\t\t\t\t<a class=\"elementor-button elementor-button-link elementor-size-sm\" href=\"#pagamento\">\n\t\t\t\t\t\t<span class=\"elementor-button-content-wrapper\">\n\t\t\t\t\t\t\t\t\t<span class=\"elementor-button-text\">Clique aqui para comprar<\/span>\n\t\t\t\t\t<\/span>\n\t\t\t\t\t<\/a>\n\t\t\t\t<\/div>\n\t\t\t\t\t\t\t\t<\/div>\n\t\t\t\t<\/div>\n\t\t\t\t<div class=\"elementor-element elementor-element-e5ce2fd elementor-widget elementor-widget-text-editor\" data-id=\"e5ce2fd\" data-element_type=\"widget\" data-e-type=\"widget\" data-widget_type=\"text-editor.default\">\n\t\t\t\t<div class=\"elementor-widget-container\">\n\t\t\t\t\t\t\t\t\t<p><span style=\"font-family: arial, helvetica, sans-serif; font-size: 20px; color: #000000;\">Nenhuma cren\u00e7a existe isoladamente.<\/span><br \/><span style=\"font-family: arial, helvetica, sans-serif; font-size: 20px; color: #000000;\">Nenhuma cren\u00e7a \u00e9 solit\u00e1ria<\/span><br \/><span style=\"font-family: arial, helvetica, sans-serif; font-size: 20px; color: #000000;\">Toda cren\u00e7a faz parte de um sistema de cren\u00e7as<\/span><br \/><span style=\"font-family: arial, helvetica, sans-serif; font-size: 20px; color: #000000;\">As cren\u00e7as se apoiam umas nas outras<\/span><\/p><p><span style=\"font-family: arial, helvetica, sans-serif; font-size: 20px; color: #000000;\">Voc\u00ea sabia disso?<\/span><\/p><p><span style=\"font-family: arial, helvetica, sans-serif; font-size: 20px; color: #000000;\">A falta desse conhecimento \u00e9 uma das causas das dificuldades de se trabalhar com cren\u00e7as.<\/span><\/p><p><span style=\"font-family: arial, helvetica, sans-serif; font-size: 20px; color: #000000;\">Voc\u00ea identifica uma cren\u00e7a limitante.<\/span><br \/><span style=\"font-family: arial, helvetica, sans-serif; font-size: 20px; color: #000000;\">Voc\u00ea faz um trabalho para eliminar essa cren\u00e7a.<\/span><br \/><span style=\"font-family: arial, helvetica, sans-serif; font-size: 20px; color: #000000;\">Voc\u00ea acha que eliminou a cren\u00e7a.<\/span><\/p><p><span style=\"font-family: arial, helvetica, sans-serif; font-size: 20px; color: #000000;\">Sim, voc\u00ea pode sentir um al\u00edvio no momento.<\/span><br \/><span style=\"font-family: arial, helvetica, sans-serif; font-size: 20px; color: #000000;\">\u00c9 poss\u00edvel que voc\u00ea realmente tenha eliminado aquela cren\u00e7a.<\/span><br \/><span style=\"font-family: arial, helvetica, sans-serif; font-size: 20px; color: #000000;\">Mas com o tempo voc\u00ea nota que os problemas voltam.<\/span><br \/><span style=\"font-family: arial, helvetica, sans-serif; font-size: 20px; color: #000000;\">Depois de algum tempo, parece que tudo voltou para o que era antes.<\/span><\/p><p><span style=\"font-family: arial, helvetica, sans-serif; font-size: 20px; color: #000000;\">Se voc\u00ea j\u00e1 fez algum trabalho para mudar cren\u00e7as, j\u00e1 deve ter passado por isso.<\/span><\/p><p><span style=\"font-family: arial, helvetica, sans-serif; font-size: 20px; color: #000000;\">Isso acontece porque voc\u00ea tratou apenas uma cren\u00e7a.<\/span><br \/><span style=\"font-family: arial, helvetica, sans-serif; font-size: 20px; color: #000000;\">Voc\u00ea eliminou aquela cren\u00e7a.<\/span><br \/><span style=\"font-family: arial, helvetica, sans-serif; font-size: 20px; color: #000000;\">Mas como ela faz parte de um sistema, na verdade, voc\u00ea causou apenas um arranh\u00e3o no sistema.<\/span><\/p><p><span style=\"font-family: arial, helvetica, sans-serif; font-size: 20px; color: #000000;\">O sistema permaneceu ali e as outras cren\u00e7as acabaram recriando, restabelecendo a cren\u00e7a que voc\u00ea havia eliminado.<\/span><\/p><p><span style=\"font-family: arial, helvetica, sans-serif; font-size: 20px; color: #000000;\">\u00c9 como a cura de um ferimento.<\/span><br \/><span style=\"font-family: arial, helvetica, sans-serif; font-size: 20px; color: #000000;\">Voc\u00ea se corta, mas seu corpo trata de providenciar a cicatriza\u00e7\u00e3o e em pouco tempo at\u00e9 mesmo a marca do corte ter\u00e1 desaparecido.<\/span><\/p><p><span style=\"font-family: arial, helvetica, sans-serif; font-size: 20px; color: #000000;\">S\u00f3 que neste caso, n\u00e3o estamos falando da cura.<br \/>Estamos falando justamente do oposto.<br \/>A continua\u00e7\u00e3o do problema.<br \/>E algo que n\u00e3o queremos.<br \/><\/span><\/p><p><span style=\"font-family: arial, helvetica, sans-serif; font-size: 20px; color: #000000;\">Para fazer mudan\u00e7as duradouras, n\u00e3o basta mudar uma ou outra cren\u00e7a.<\/span><br \/><span style=\"font-family: arial, helvetica, sans-serif; font-size: 20px; color: #000000;\">\u00c9 preciso mudar v\u00e1rias cren\u00e7as ao mesmo tempo.<\/span><br \/><span style=\"font-family: arial, helvetica, sans-serif; font-size: 20px; color: #000000;\">\u00c9 preciso mudar todo um conjunto de cren\u00e7as que est\u00e3o produzindo aquele resultado insatisfat\u00f3rio.<\/span><\/p><p><span style=\"font-family: arial, helvetica, sans-serif; font-size: 20px; color: #000000;\">Como se faz isso?<\/span><\/p><p><span style=\"font-family: arial, helvetica, sans-serif; font-size: 20px; color: #000000;\">\u00c9 mais f\u00e1cil do que voc\u00ea imagina.<\/span><\/p><p><span style=\"font-family: arial, helvetica, sans-serif; font-size: 20px; color: #000000;\">\u00c9 o que voc\u00ea vai aprender neste curso.<\/span><\/p>\t\t\t\t\t\t\t\t<\/div>\n\t\t\t\t<\/div>\n\t\t\t\t<div class=\"elementor-element elementor-element-9637840 elementor-widget elementor-widget-text-editor\" data-id=\"9637840\" data-element_type=\"widget\" data-e-type=\"widget\" data-widget_type=\"text-editor.default\">\n\t\t\t\t<div class=\"elementor-widget-container\">\n\t\t\t\t\t\t\t\t\t<h1 class=\"sow-headline\" style=\"text-align: center;\"><span style=\"font-size: 32px; font-family: arial, helvetica, sans-serif; color: #000000;\">Principais\u00a0t\u00f3picos<\/span><\/h1><ul class=\"green-check3\"><li><p><span style=\"font-family: arial, helvetica, sans-serif; font-size: 20px; color: #000000;\">Cren\u00e7as<\/span><\/p><\/li><li><p><span style=\"font-family: arial, helvetica, sans-serif; font-size: 20px; color: #000000;\">Cren\u00e7as limitantes<\/span><\/p><\/li><li><p><span style=\"font-family: arial, helvetica, sans-serif; font-size: 20px; color: #000000;\">O sistema de cren\u00e7as<\/span><\/p><\/li><li><p><span style=\"font-family: arial, helvetica, sans-serif; font-size: 20px; color: #000000;\">Cren\u00e7as produzem resultados<\/span><\/p><\/li><li><p><span style=\"font-family: arial, helvetica, sans-serif; font-size: 20px; color: #000000;\">Resultados insatisfat\u00f3rios<\/span><\/p><\/li><li><p><span style=\"font-family: arial, helvetica, sans-serif; font-size: 20px; color: #000000;\">Sistema de cren\u00e7as inconscientes<\/span><\/p><\/li><li><p><span style=\"font-family: arial, helvetica, sans-serif; font-size: 20px; color: #000000;\">Experi\u00eancias e cren\u00e7as<\/span><\/p><\/li><li><p><span style=\"font-family: arial, helvetica, sans-serif; font-size: 20px; color: #000000;\">Mudando a experi\u00eancia para mudar cren\u00e7as<\/span><\/p><\/li><\/ul>\t\t\t\t\t\t\t\t<\/div>\n\t\t\t\t<\/div>\n\t\t\t\t<div class=\"elementor-element elementor-element-7423422 elementor-widget elementor-widget-text-editor\" data-id=\"7423422\" data-element_type=\"widget\" data-e-type=\"widget\" data-widget_type=\"text-editor.default\">\n\t\t\t\t<div class=\"elementor-widget-container\">\n\t\t\t\t\t\t\t\t\t<p><span style=\"color: #000000; font-family: Arial;\"><b>Como funciona?<\/b><\/span><\/p><ul><li>Voc\u00ea pode assistir o curso online em qualquer dispositivo<\/li><li><span style=\"font-family: Arial;\">Voc\u00ea tamb\u00e9m pode baixar os v\u00eddeos e assistir mesmo sem conex\u00e3o<\/span><ul><li><span style=\"font-family: Verdana;\">v\u00eddeo em mp4 (grava\u00e7\u00e3o completa do curso)<\/span><\/li><li><span style=\"font-family: Verdana;\">\u00e1udio em mp3 (grava\u00e7\u00e3o completa do curso, apenas \u00e1udio)<\/span><\/li><li><span style=\"font-family: Verdana;\">slides utilizados no curso<\/span><\/li><\/ul><\/li><li><span style=\"font-family: Verdana;\">Voc\u00ea poder\u00e1 esclarecer d\u00favidas via email ou whatsapp)<\/span><\/li><\/ul>\t\t\t\t\t\t\t\t<\/div>\n\t\t\t\t<\/div>\n\t\t\t\t<div class=\"elementor-element elementor-element-d70bec0 elementor-widget elementor-widget-menu-anchor\" data-id=\"d70bec0\" data-element_type=\"widget\" data-e-type=\"widget\" data-widget_type=\"menu-anchor.default\">\n\t\t\t\t<div class=\"elementor-widget-container\">\n\t\t\t\t\t\t\t<div class=\"elementor-menu-anchor\" id=\"pagamento\"><\/div>\n\t\t\t\t\t\t<\/div>\n\t\t\t\t<\/div>\n\t\t\t\t\t<\/div>\n\t\t<\/div>\n\t\t\t\t<div class=\"elementor-column elementor-col-16 elementor-top-column elementor-element elementor-element-7692204\" data-id=\"7692204\" data-element_type=\"column\" data-e-type=\"column\">\n\t\t\t<div class=\"elementor-widget-wrap\">\n\t\t\t\t\t\t\t<\/div>\n\t\t<\/div>\n\t\t\t\t\t<\/div>\n\t\t<\/section>\n\t\t\t\t<section class=\"elementor-section elementor-top-section elementor-element elementor-element-c7f3984 elementor-section-boxed elementor-section-height-default elementor-section-height-default\" data-id=\"c7f3984\" data-element_type=\"section\" data-e-type=\"section\">\n\t\t\t\t\t\t<div class=\"elementor-container elementor-column-gap-default\">\n\t\t\t\t\t<div class=\"elementor-column elementor-col-16 elementor-top-column elementor-element elementor-element-4402dba\" data-id=\"4402dba\" data-element_type=\"column\" data-e-type=\"column\">\n\t\t\t<div class=\"elementor-widget-wrap\">\n\t\t\t\t\t\t\t<\/div>\n\t\t<\/div>\n\t\t\t\t<div class=\"elementor-column elementor-col-66 elementor-top-column elementor-element elementor-element-270e262\" data-id=\"270e262\" data-element_type=\"column\" data-e-type=\"column\">\n\t\t\t<div class=\"elementor-widget-wrap elementor-element-populated\">\n\t\t\t\t\t\t<div class=\"elementor-element elementor-element-2ebb57e elementor-widget elementor-widget-text-editor\" data-id=\"2ebb57e\" data-element_type=\"widget\" data-e-type=\"widget\" data-widget_type=\"text-editor.default\">\n\t\t\t\t<div class=\"elementor-widget-container\">\n\t\t\t\t\t\t\t\t\t<p style=\"text-align: center;\"><span style=\"--tw-border-spacing-x: 0; --tw-border-spacing-y: 0; --tw-translate-x: 0; --tw-translate-y: 0; --tw-rotate: 0; --tw-skew-x: 0; --tw-skew-y: 0; --tw-scale-x: 1; --tw-scale-y: 1; --tw-scroll-snap-strictness: proximity; --tw-ring-offset-width: 0px; --tw-ring-offset-color: #fff; --tw-ring-color: rgba(59,130,246,0.5); --tw-ring-offset-shadow: 0 0 transparent; --tw-ring-shadow: 0 0 transparent; --tw-shadow: 0 0 transparent; --tw-shadow-colored: 0 0 transparent; font-weight: bold; user-select: auto; font-size: 28px; border-style: solid; border-color: #e5e7eb; background-color: #ffff00;\">PAGUE AQUI:<\/span><\/p><p style=\"text-align: center;\"><span style=\"color: #333333; --tw-border-spacing-x: 0; --tw-border-spacing-y: 0; --tw-translate-x: 0; --tw-translate-y: 0; --tw-rotate: 0; --tw-skew-x: 0; --tw-skew-y: 0; --tw-scale-x: 1; --tw-scale-y: 1; --tw-scroll-snap-strictness: proximity; --tw-ring-offset-width: 0px; --tw-ring-offset-color: #fff; --tw-ring-color: rgba(59,130,246,0.5); --tw-ring-offset-shadow: 0 0 transparent; --tw-ring-shadow: 0 0 transparent; --tw-shadow: 0 0 transparent; --tw-shadow-colored: 0 0 transparent; font-weight: bold; user-select: auto; font-size: 28px; border-style: solid; border-color: #e5e7eb;\">Investimento: de\u00a0<\/span><span style=\"text-decoration: line-through;\"><span style=\"color: #ff0000; --tw-border-spacing-x: 0; --tw-border-spacing-y: 0; --tw-translate-x: 0; --tw-translate-y: 0; --tw-rotate: 0; --tw-skew-x: 0; --tw-skew-y: 0; --tw-scale-x: 1; --tw-scale-y: 1; --tw-scroll-snap-strictness: proximity; --tw-ring-offset-width: 0px; --tw-ring-offset-color: #fff; --tw-ring-color: rgba(59,130,246,0.5); --tw-ring-offset-shadow: 0 0 transparent; --tw-ring-shadow: 0 0 transparent; --tw-shadow: 0 0 transparent; --tw-shadow-colored: 0 0 transparent; user-select: auto; font-size: 28px; border-style: solid; border-color: #e5e7eb;\">R$ <\/span><span style=\"font-size: 28px; color: #ff0000;\">45,00<\/span><\/span><\/p><p style=\"text-align: center;\"><span style=\"font-weight: bold; font-size: 28px; color: #333333;\">por <\/span><br \/><span style=\"color: #00ff00;\"><br \/><span style=\"font-weight: bold; font-size: 28px; background-color: #0000ff;\">apenas R$22,00<\/span><\/span><\/p><div id=\"ib2_el_HXTaHt2o\" class=\"ib2-content-el ib2-text-el\" spellcheck=\"false\" data-animation=\"none\" data-shadow=\"none\" data-el=\"text\"><p style=\"text-align: center;\">escolha uma das op\u00e7\u00f5es abaixo para pagar<\/p><\/div>\t\t\t\t\t\t\t\t<\/div>\n\t\t\t\t<\/div>\n\t\t\t\t\t<\/div>\n\t\t<\/div>\n\t\t\t\t<div class=\"elementor-column elementor-col-16 elementor-top-column elementor-element elementor-element-d789a33\" data-id=\"d789a33\" data-element_type=\"column\" data-e-type=\"column\">\n\t\t\t<div class=\"elementor-widget-wrap\">\n\t\t\t\t\t\t\t<\/div>\n\t\t<\/div>\n\t\t\t\t\t<\/div>\n\t\t<\/section>\n\t\t\t\t<section class=\"elementor-section elementor-top-section elementor-element elementor-element-fcdde9f elementor-section-boxed elementor-section-height-default elementor-section-height-default\" data-id=\"fcdde9f\" data-element_type=\"section\" data-e-type=\"section\" data-settings=\"{&quot;background_background&quot;:&quot;classic&quot;}\">\n\t\t\t\t\t\t<div class=\"elementor-container elementor-column-gap-default\">\n\t\t\t\t\t<div class=\"elementor-column elementor-col-20 elementor-top-column elementor-element elementor-element-c8c4a5b\" data-id=\"c8c4a5b\" data-element_type=\"column\" data-e-type=\"column\">\n\t\t\t<div class=\"elementor-widget-wrap\">\n\t\t\t\t\t\t\t<\/div>\n\t\t<\/div>\n\t\t\t\t<div class=\"elementor-column elementor-col-20 elementor-top-column elementor-element elementor-element-cddbc25\" data-id=\"cddbc25\" data-element_type=\"column\" data-e-type=\"column\">\n\t\t\t<div class=\"elementor-widget-wrap elementor-element-populated\">\n\t\t\t\t\t\t<div class=\"elementor-element elementor-element-aad1046 elementor-widget__width-initial elementor-widget elementor-widget-text-editor\" data-id=\"aad1046\" data-element_type=\"widget\" data-e-type=\"widget\" data-widget_type=\"text-editor.default\">\n\t\t\t\t<div class=\"elementor-widget-container\">\n\t\t\t\t\t\t\t\t\t<p>Dep\u00f3sito, TEF, DOC, dep\u00f3sito em casas lot\u00e9ricas<\/p>\t\t\t\t\t\t\t\t<\/div>\n\t\t\t\t<\/div>\n\t\t\t\t<div class=\"elementor-element elementor-element-1e1e94f elementor-widget elementor-widget-image\" data-id=\"1e1e94f\" data-element_type=\"widget\" data-e-type=\"widget\" data-widget_type=\"image.default\">\n\t\t\t\t<div class=\"elementor-widget-container\">\n\t\t\t\t\t\t\t\t\t\t\t\t\t\t\t\t<a href=\"http:\/\/www.mizuji.com\/pagamentos\/depositos-cef.htm\">\n\t\t\t\t\t\t\t<img decoding=\"async\" src=\"http:\/\/mizuji.com.br\/dv\/wp-content\/uploads\/2016\/05\/ScreenHunter_1545-May.-17-07.47.jpg\" title=\"\" alt=\"\" loading=\"lazy\" \/>\t\t\t\t\t\t\t\t<\/a>\n\t\t\t\t\t\t\t\t\t\t\t\t\t\t\t<\/div>\n\t\t\t\t<\/div>\n\t\t\t\t\t<\/div>\n\t\t<\/div>\n\t\t\t\t<div class=\"elementor-column elementor-col-20 elementor-top-column elementor-element elementor-element-bcee041\" data-id=\"bcee041\" data-element_type=\"column\" data-e-type=\"column\">\n\t\t\t<div class=\"elementor-widget-wrap elementor-element-populated\">\n\t\t\t\t\t\t<div class=\"elementor-element elementor-element-5bf043f elementor-widget elementor-widget-text-editor\" data-id=\"5bf043f\" data-element_type=\"widget\" data-e-type=\"widget\" data-widget_type=\"text-editor.default\">\n\t\t\t\t<div class=\"elementor-widget-container\">\n\t\t\t\t\t\t\t\t\t<p style=\"text-align: center;\"><span style=\"color: #000000;\"><strong>PIX<\/strong><\/span> CEF- use esta chave: <span style=\"color: #000000;\">mizuji3@mizuji.com<\/span><\/p>\t\t\t\t\t\t\t\t<\/div>\n\t\t\t\t<\/div>\n\t\t\t\t\t<\/div>\n\t\t<\/div>\n\t\t\t\t<div class=\"elementor-column elementor-col-20 elementor-top-column elementor-element elementor-element-62c426f\" data-id=\"62c426f\" data-element_type=\"column\" data-e-type=\"column\">\n\t\t\t<div class=\"elementor-widget-wrap elementor-element-populated\">\n\t\t\t\t\t\t<div class=\"elementor-element elementor-element-93f255b elementor-widget elementor-widget-text-editor\" data-id=\"93f255b\" data-element_type=\"widget\" data-e-type=\"widget\" data-widget_type=\"text-editor.default\">\n\t\t\t\t<div class=\"elementor-widget-container\">\n\t\t\t\t\t\t\t\t\t<p style=\"text-align: center;\"><span style=\"color: #333300;\">Cart\u00e3o de cr\u00e9dito, parcelamento , pagamento a partir do exterior, conta Paypal\u00a0<\/span><\/p>\t\t\t\t\t\t\t\t<\/div>\n\t\t\t\t<\/div>\n\t\t\t\t<div class=\"elementor-element elementor-element-9f9d70d elementor-widget elementor-widget-html\" data-id=\"9f9d70d\" data-element_type=\"widget\" data-e-type=\"widget\" data-widget_type=\"html.default\">\n\t\t\t\t<div class=\"elementor-widget-container\">\n\t\t\t\t\t<form action=\"https:\/\/www.paypal.com\/cgi-bin\/webscr\" method=\"post\" target=\"_top\">\r\n  <input type=\"hidden\" name=\"cmd\" value=\"_s-xclick\" \/>\r\n  <input type=\"hidden\" name=\"hosted_button_id\" value=\"X6ENVXE6W8SHW\" \/>\r\n  <input type=\"hidden\" name=\"currency_code\" value=\"BRL\" \/>\r\n  <input type=\"image\" src=\"https:\/\/www.paypalobjects.com\/pt_BR\/i\/btn\/btn_buynowCC_LG.gif\" border=\"0\" name=\"submit\" title=\"O PayPal \u00e9 a forma f\u00e1cil e segura de pagar suas compras on-line.\" alt=\"Comprar agora\" \/>\r\n<\/form>\t\t\t\t<\/div>\n\t\t\t\t<\/div>\n\t\t\t\t\t<\/div>\n\t\t<\/div>\n\t\t\t\t<div class=\"elementor-column elementor-col-20 elementor-top-column elementor-element elementor-element-0081f01\" data-id=\"0081f01\" data-element_type=\"column\" data-e-type=\"column\">\n\t\t\t<div class=\"elementor-widget-wrap\">\n\t\t\t\t\t\t\t<\/div>\n\t\t<\/div>\n\t\t\t\t\t<\/div>\n\t\t<\/section>\n\t\t\t\t<section class=\"elementor-section elementor-top-section elementor-element elementor-element-13e8c8f elementor-section-boxed elementor-section-height-default elementor-section-height-default\" data-id=\"13e8c8f\" data-element_type=\"section\" data-e-type=\"section\">\n\t\t\t\t\t\t<div class=\"elementor-container elementor-column-gap-default\">\n\t\t\t\t\t<div class=\"elementor-column elementor-col-100 elementor-top-column elementor-element elementor-element-9394f84\" data-id=\"9394f84\" data-element_type=\"column\" data-e-type=\"column\">\n\t\t\t<div class=\"elementor-widget-wrap elementor-element-populated\">\n\t\t\t\t\t\t<div class=\"elementor-element elementor-element-856536c elementor-widget elementor-widget-spacer\" data-id=\"856536c\" data-element_type=\"widget\" data-e-type=\"widget\" data-widget_type=\"spacer.default\">\n\t\t\t\t<div class=\"elementor-widget-container\">\n\t\t\t\t\t\t\t<div class=\"elementor-spacer\">\n\t\t\t<div class=\"elementor-spacer-inner\"><\/div>\n\t\t<\/div>\n\t\t\t\t\t\t<\/div>\n\t\t\t\t<\/div>\n\t\t\t\t\t<\/div>\n\t\t<\/div>\n\t\t\t\t\t<\/div>\n\t\t<\/section>\n\t\t\t\t<\/div>\n\t\t","protected":false},"excerpt":{"rendered":"<p>Home\u00a0 \u00a0 Pe\u00e7a e Receba\u00a0 \u00a0 Terapia online EFT para Finan\u00e7as: seu sistema de cren\u00e7as Curso online com Mizuji Kajii &#8220;&#8230;No entanto, essa ampla variedade de &#8220;coisas chamadas EFT&#8221; causa confus\u00e3o para o p\u00fablico, e tornou-se muito dif\u00edcil para os rec\u00e9m-chegados distinguir a original, a verdadeira EFT de todas as varia\u00e7\u00f5es.&#8221; Gary Craig, criador da [&hellip;]<\/p>\n","protected":false},"author":1,"featured_media":0,"parent":0,"menu_order":0,"comment_status":"closed","ping_status":"closed","template":"elementor_canvas","meta":{"h5ap_radio_sources":[],"footnotes":""},"class_list":["post-7606","page","type-page","status-publish","hentry","wpbf-post"],"_links":{"self":[{"href":"https:\/\/mizuji.com.br\/dv\/wp-json\/wp\/v2\/pages\/7606","targetHints":{"allow":["GET"]}}],"collection":[{"href":"https:\/\/mizuji.com.br\/dv\/wp-json\/wp\/v2\/pages"}],"about":[{"href":"https:\/\/mizuji.com.br\/dv\/wp-json\/wp\/v2\/types\/page"}],"author":[{"embeddable":true,"href":"https:\/\/mizuji.com.br\/dv\/wp-json\/wp\/v2\/users\/1"}],"replies":[{"embeddable":true,"href":"https:\/\/mizuji.com.br\/dv\/wp-json\/wp\/v2\/comments?post=7606"}],"version-history":[{"count":19,"href":"https:\/\/mizuji.com.br\/dv\/wp-json\/wp\/v2\/pages\/7606\/revisions"}],"predecessor-version":[{"id":12755,"href":"https:\/\/mizuji.com.br\/dv\/wp-json\/wp\/v2\/pages\/7606\/revisions\/12755"}],"wp:attachment":[{"href":"https:\/\/mizuji.com.br\/dv\/wp-json\/wp\/v2\/media?parent=7606"}],"curies":[{"name":"wp","href":"https:\/\/api.w.org\/{rel}","templated":true}]}}