{"id":10381,"date":"2024-02-25T16:08:55","date_gmt":"2024-02-25T19:08:55","guid":{"rendered":"https:\/\/mizuji.com.br\/dv\/?page_id=10381"},"modified":"2024-02-25T16:23:30","modified_gmt":"2024-02-25T19:23:30","slug":"cg-inner-tapping","status":"publish","type":"page","link":"https:\/\/mizuji.com.br\/dv\/cg-inner-tapping\/","title":{"rendered":"cg-Inner Tapping"},"content":{"rendered":"\t\t<div data-elementor-type=\"wp-page\" data-elementor-id=\"10381\" class=\"elementor elementor-10381\" data-elementor-post-type=\"page\">\n\t\t\t\t\t\t<section class=\"elementor-section elementor-top-section elementor-element elementor-element-3ec6b11 elementor-section-boxed elementor-section-height-default elementor-section-height-default\" data-id=\"3ec6b11\" data-element_type=\"section\" data-e-type=\"section\" data-settings=\"{&quot;background_background&quot;:&quot;classic&quot;}\">\n\t\t\t\t\t\t<div class=\"elementor-container elementor-column-gap-default\">\n\t\t\t\t\t<div class=\"elementor-column elementor-col-16 elementor-top-column elementor-element elementor-element-66dd2d8\" data-id=\"66dd2d8\" data-element_type=\"column\" data-e-type=\"column\">\n\t\t\t<div class=\"elementor-widget-wrap\">\n\t\t\t\t\t\t\t<\/div>\n\t\t<\/div>\n\t\t\t\t<div class=\"elementor-column elementor-col-66 elementor-top-column elementor-element elementor-element-548278d\" data-id=\"548278d\" data-element_type=\"column\" data-e-type=\"column\">\n\t\t\t<div class=\"elementor-widget-wrap elementor-element-populated\">\n\t\t\t\t\t\t<div class=\"elementor-element elementor-element-7749767 elementor-widget elementor-widget-text-editor\" data-id=\"7749767\" data-element_type=\"widget\" data-e-type=\"widget\" data-widget_type=\"text-editor.default\">\n\t\t\t\t<div class=\"elementor-widget-container\">\n\t\t\t\t\t\t\t\t\t<p style=\"text-align: center;\"><span style=\"color: #00ffff;\"><a style=\"color: #00ffff;\" href=\"https:\/\/mizuji.com.br\">Home<\/a>\u00a0 \u00a0 <a style=\"color: #00ffff;\" href=\"https:\/\/mizuji.com.br\/per\">Pe\u00e7a e Receba<\/a>\u00a0 \u00a0 <a style=\"color: #00ffff;\" href=\"https:\/\/mizuji.com.br\/terapiaonline\/\">Terapia online<\/a><\/span><\/p>\t\t\t\t\t\t\t\t<\/div>\n\t\t\t\t<\/div>\n\t\t\t\t<div class=\"elementor-element elementor-element-e8614c5 elementor-widget elementor-widget-text-editor\" data-id=\"e8614c5\" data-element_type=\"widget\" data-e-type=\"widget\" data-widget_type=\"text-editor.default\">\n\t\t\t\t<div class=\"elementor-widget-container\">\n\t\t\t\t\t\t\t\t\t<p align=\"center\"><span style=\"color: #ffff00; font-family: Arial Black; font-size: 300%;\">Inner Tapping<\/span><\/p>\n<h4 align=\"center\"><span style=\"color: #ffff00; font-size: xx-large;\">(Uma t\u00e9cnica de EFT para\u00a0<\/span><span style=\"color: #ffff00; font-size: xx-large;\">crian\u00e7a interior e voc\u00ea mais jovem)<\/span><\/h4>\n<div id=\"ib2_el_35lbN3ZX-box2\" class=\"ib2-section-content ib2-section-col ib2-last-col\">\n<div id=\"ib2_el_PzXHguC3\" class=\"ib2-content-el ib2-text-el ib2-title-el\" style=\"text-align: right;\" spellcheck=\"false\" data-animation=\"none\" data-shadow=\"none\" data-el=\"text\"><span style=\"color: #ffffff;\">Curso online\u00a0 com Mizuji Kajii<\/span><\/div>\n<\/div>\t\t\t\t\t\t\t\t<\/div>\n\t\t\t\t<\/div>\n\t\t\t\t\t<\/div>\n\t\t<\/div>\n\t\t\t\t<div class=\"elementor-column elementor-col-16 elementor-top-column elementor-element elementor-element-5953e80\" data-id=\"5953e80\" data-element_type=\"column\" data-e-type=\"column\">\n\t\t\t<div class=\"elementor-widget-wrap\">\n\t\t\t\t\t\t\t<\/div>\n\t\t<\/div>\n\t\t\t\t\t<\/div>\n\t\t<\/section>\n\t\t\t\t<section class=\"elementor-section elementor-top-section elementor-element elementor-element-b57db53 elementor-section-boxed elementor-section-height-default elementor-section-height-default\" data-id=\"b57db53\" data-element_type=\"section\" data-e-type=\"section\">\n\t\t\t\t\t\t<div class=\"elementor-container elementor-column-gap-default\">\n\t\t\t\t\t<div class=\"elementor-column elementor-col-16 elementor-top-column elementor-element elementor-element-9b1f098\" data-id=\"9b1f098\" data-element_type=\"column\" data-e-type=\"column\">\n\t\t\t<div class=\"elementor-widget-wrap\">\n\t\t\t\t\t\t\t<\/div>\n\t\t<\/div>\n\t\t\t\t<div class=\"elementor-column elementor-col-66 elementor-top-column elementor-element elementor-element-5fddebf\" data-id=\"5fddebf\" data-element_type=\"column\" data-e-type=\"column\">\n\t\t\t<div class=\"elementor-widget-wrap elementor-element-populated\">\n\t\t\t\t\t\t<div class=\"elementor-element elementor-element-b8e9b5a elementor-widget elementor-widget-text-editor\" data-id=\"b8e9b5a\" data-element_type=\"widget\" data-e-type=\"widget\" data-widget_type=\"text-editor.default\">\n\t\t\t\t<div class=\"elementor-widget-container\">\n\t\t\t\t\t\t\t\t\t<p style=\"text-align: center;\" align=\"left\"><span class=\"Apple-style-span\"><b><span style=\"font-family: Verdana; font-size: x-large;\">Grava\u00e7\u00e3o completa do curso online j\u00e1 realizado <\/span><\/b><span style=\"font-family: Verdana; font-size: x-large;\">\u00a0com dura\u00e7\u00e3o de\u00a0<\/span><\/span><span class=\"Apple-style-span\"><span style=\"font-family: Verdana; font-size: x-large;\">6 horas<\/span><\/span><\/p>\t\t\t\t\t\t\t\t<\/div>\n\t\t\t\t<\/div>\n\t\t\t\t<div class=\"elementor-element elementor-element-b955f43 elementor-widget elementor-widget-text-editor\" data-id=\"b955f43\" data-element_type=\"widget\" data-e-type=\"widget\" data-widget_type=\"text-editor.default\">\n\t\t\t\t<div class=\"elementor-widget-container\">\n\t\t\t\t\t\t\t\t\t<p><span style=\"font-family: Verdana; color: #000000;\">Inner Tapping \u00e9 uma t\u00e9cnica de EFT desenvolvida pelos americanos Rick Wilkis e Cathy Vartuli.<br \/><br \/>Uma abordagem gentil e eficaz para resolver experi\u00eancias traum\u00e1ticas que continuam exercendo influ\u00eancias negativas na vida da pessoa.<br \/><br \/>Combinando EFT, conceitos de Crian\u00e7a Interior, conhecimentos e descobertas nas \u00e1reas de neuroci\u00eancias e traumas psicol\u00f3gicos, Inner Tapping \u00e9 feito aplicando-se EFT na Crian\u00e7a Interior modificando suas rea\u00e7\u00f5es diante das mem\u00f3rias traum\u00e1ticas.<br \/><br \/>A t\u00e9cnica pode tamb\u00e9m ser utilizada para resolver o futuro assustador &#8211; um &#8220;trauma futuro&#8221;.<\/span><\/p>\n<p>\u00a0<\/p>\n<p><span style=\"font-family: Verdana; color: #000000;\">Neste curso com dura\u00e7\u00e3o de 6 horas, voc\u00ea ter\u00e1 a oportunidade de aprender:<\/span><\/p>\n<ol>\n<li><span style=\"font-family: Verdana; color: #000000;\">Como usar o Inner Tapping para si mesmo<\/span><\/li>\n<li><span style=\"font-family: Verdana; color: #000000;\">Como usar o Inner Tapping para ajudar outros<\/span><\/li>\n<li><span style=\"font-family: Verdana; color: #000000;\">Como limpar as experi\u00eancias negativas do passado de forma gentil e eficaz, sem precisar passar de novo por aqueles sofrimentos<\/span><\/li>\n<li><span style=\"font-family: Verdana; color: #000000;\">Como usar o Inner Tapping para limpar a &#8220;mem\u00f3ria traum\u00e1tica futura&#8221;<\/span><\/li>\n<\/ol>\n<p><span style=\"font-family: Verdana; color: #000000;\">Ao final do curso, voc\u00ea ter\u00e1 acrescentado uma nova e poderosa t\u00e9cnica, que far\u00e1 uma diferen\u00e7a significativa na maneira de lidar com eventos negativos, sejam passados, presentes ou futuros.<\/span><\/p>\n<p><span style=\"font-family: Verdana; color: #000000;\">Como subproduto, voc\u00ea ter\u00e1 removido ou reduzido alguns bloqueios que estavam no seu caminho para o sucesso, atrav\u00e9s de exerc\u00edcios pr\u00e1ticos\u00a0 durante o curso.<\/span><\/p>\t\t\t\t\t\t\t\t<\/div>\n\t\t\t\t<\/div>\n\t\t\t\t<div class=\"elementor-element elementor-element-d3c1b7c elementor-button-danger elementor-align-center elementor-widget elementor-widget-button\" data-id=\"d3c1b7c\" data-element_type=\"widget\" data-e-type=\"widget\" data-widget_type=\"button.default\">\n\t\t\t\t<div class=\"elementor-widget-container\">\n\t\t\t\t\t\t\t\t\t<div class=\"elementor-button-wrapper\">\n\t\t\t\t\t<a class=\"elementor-button elementor-button-link elementor-size-sm\" href=\"#pagamento\">\n\t\t\t\t\t\t<span class=\"elementor-button-content-wrapper\">\n\t\t\t\t\t\t\t\t\t<span class=\"elementor-button-text\">Clique aqui para comprar<\/span>\n\t\t\t\t\t<\/span>\n\t\t\t\t\t<\/a>\n\t\t\t\t<\/div>\n\t\t\t\t\t\t\t\t<\/div>\n\t\t\t\t<\/div>\n\t\t\t\t\t<\/div>\n\t\t<\/div>\n\t\t\t\t<div class=\"elementor-column elementor-col-16 elementor-top-column elementor-element elementor-element-7692204\" data-id=\"7692204\" data-element_type=\"column\" data-e-type=\"column\">\n\t\t\t<div class=\"elementor-widget-wrap\">\n\t\t\t\t\t\t\t<\/div>\n\t\t<\/div>\n\t\t\t\t\t<\/div>\n\t\t<\/section>\n\t\t\t\t<section class=\"elementor-section elementor-top-section elementor-element elementor-element-34ebbf1 elementor-section-boxed elementor-section-height-default elementor-section-height-default\" data-id=\"34ebbf1\" data-element_type=\"section\" data-e-type=\"section\">\n\t\t\t\t\t\t<div class=\"elementor-container elementor-column-gap-default\">\n\t\t\t\t\t<div class=\"elementor-column elementor-col-16 elementor-top-column elementor-element elementor-element-98252dd\" data-id=\"98252dd\" data-element_type=\"column\" data-e-type=\"column\">\n\t\t\t<div class=\"elementor-widget-wrap\">\n\t\t\t\t\t\t\t<\/div>\n\t\t<\/div>\n\t\t\t\t<div class=\"elementor-column elementor-col-66 elementor-top-column elementor-element elementor-element-06082ed\" data-id=\"06082ed\" data-element_type=\"column\" data-e-type=\"column\">\n\t\t\t<div class=\"elementor-widget-wrap elementor-element-populated\">\n\t\t\t\t\t\t<div class=\"elementor-element elementor-element-8dbbef6 elementor-widget elementor-widget-spacer\" data-id=\"8dbbef6\" data-element_type=\"widget\" data-e-type=\"widget\" data-widget_type=\"spacer.default\">\n\t\t\t\t<div class=\"elementor-widget-container\">\n\t\t\t\t\t\t\t<div class=\"elementor-spacer\">\n\t\t\t<div class=\"elementor-spacer-inner\"><\/div>\n\t\t<\/div>\n\t\t\t\t\t\t<\/div>\n\t\t\t\t<\/div>\n\t\t\t\t<div class=\"elementor-element elementor-element-c974f66 elementor-widget elementor-widget-text-editor\" data-id=\"c974f66\" data-element_type=\"widget\" data-e-type=\"widget\" data-widget_type=\"text-editor.default\">\n\t\t\t\t<div class=\"elementor-widget-container\">\n\t\t\t\t\t\t\t\t\t<h2 style=\"text-align: center;\"><strong>Como funciona?<\/strong><\/h2><ul class=\"green-check3\"><li><span style=\"font-family: arial, helvetica, sans-serif; font-size: 20px;\">O curso consiste de 3 arquivos para download:<\/span><br \/><span style=\"font-family: arial, helvetica, sans-serif; font-size: 20px;\">v\u00eddeo em mp4 (grava\u00e7\u00e3o completa do curso)<\/span><br \/><span style=\"font-family: arial, helvetica, sans-serif; font-size: 20px;\">\u00e1udio em mp3 (grava\u00e7\u00e3o completa do curso, apenas \u00e1udio)<\/span><br \/><span style=\"font-family: arial, helvetica, sans-serif; font-size: 20px;\">slides em PPT e PDF<\/span><\/li><li><span style=\"font-family: arial, helvetica, sans-serif; font-size: 20px;\">O v\u00eddeo oferece uma experi\u00eancia bastante pr\u00f3xima da participa\u00e7\u00e3o ao vivo. Apenas n\u00e3o poder\u00e1 interagir, por se tratar de grava\u00e7\u00e3o. Com a vantagem de que n\u00e3o haver\u00e1 eventuais travamentos devido a problemas de conex\u00e3o, j\u00e1 que o arquivo est\u00e1 gravado no seu computador.<\/span><\/li><li><span style=\"font-family: arial, helvetica, sans-serif; font-size: 20px;\">Al\u00e9m disso, voc\u00ea tamb\u00e9m ter\u00e1 a op\u00e7\u00e3o de acessar o v\u00eddeo online, permitindo o acesso atrav\u00e9s de dispositivos m\u00f3veis como tablet e smartphone, al\u00e9m do computador.<\/span><\/li><li><span style=\"font-family: arial, helvetica, sans-serif; font-size: 20px;\">Voc\u00ea poder\u00e1 esclarecer d\u00favidas via email<\/span><\/li><\/ul>\t\t\t\t\t\t\t\t<\/div>\n\t\t\t\t<\/div>\n\t\t\t\t<div class=\"elementor-element elementor-element-11656fe elementor-widget elementor-widget-menu-anchor\" data-id=\"11656fe\" data-element_type=\"widget\" data-e-type=\"widget\" data-widget_type=\"menu-anchor.default\">\n\t\t\t\t<div class=\"elementor-widget-container\">\n\t\t\t\t\t\t\t<div class=\"elementor-menu-anchor\" id=\"pagamento\"><\/div>\n\t\t\t\t\t\t<\/div>\n\t\t\t\t<\/div>\n\t\t\t\t\t<\/div>\n\t\t<\/div>\n\t\t\t\t<div class=\"elementor-column elementor-col-16 elementor-top-column elementor-element elementor-element-4cc6998\" data-id=\"4cc6998\" data-element_type=\"column\" data-e-type=\"column\">\n\t\t\t<div class=\"elementor-widget-wrap\">\n\t\t\t\t\t\t\t<\/div>\n\t\t<\/div>\n\t\t\t\t\t<\/div>\n\t\t<\/section>\n\t\t\t\t<section class=\"elementor-section elementor-top-section elementor-element elementor-element-c7f3984 elementor-section-boxed elementor-section-height-default elementor-section-height-default\" data-id=\"c7f3984\" data-element_type=\"section\" data-e-type=\"section\">\n\t\t\t\t\t\t<div class=\"elementor-container elementor-column-gap-default\">\n\t\t\t\t\t<div class=\"elementor-column elementor-col-16 elementor-top-column elementor-element elementor-element-4402dba\" data-id=\"4402dba\" data-element_type=\"column\" data-e-type=\"column\">\n\t\t\t<div class=\"elementor-widget-wrap\">\n\t\t\t\t\t\t\t<\/div>\n\t\t<\/div>\n\t\t\t\t<div class=\"elementor-column elementor-col-66 elementor-top-column elementor-element elementor-element-270e262\" data-id=\"270e262\" data-element_type=\"column\" data-e-type=\"column\">\n\t\t\t<div class=\"elementor-widget-wrap elementor-element-populated\">\n\t\t\t\t\t\t<div class=\"elementor-element elementor-element-2ebb57e elementor-widget elementor-widget-text-editor\" data-id=\"2ebb57e\" data-element_type=\"widget\" data-e-type=\"widget\" data-widget_type=\"text-editor.default\">\n\t\t\t\t<div class=\"elementor-widget-container\">\n\t\t\t\t\t\t\t\t\t<p style=\"text-align: center;\"><span style=\"font-size: 28px; background-color: #ffff00;\"><span style=\"border-style: solid; border-color: #e5e7eb; --tw-border-spacing-x: 0; --tw-border-spacing-y: 0; --tw-translate-x: 0; --tw-translate-y: 0; --tw-rotate: 0; --tw-skew-x: 0; --tw-skew-y: 0; --tw-scale-x: 1; --tw-scale-y: 1; --tw-scroll-snap-strictness: proximity; --tw-ring-offset-width: 0px; --tw-ring-offset-color: #fff; --tw-ring-color: rgba(59,130,246,0.5); --tw-ring-offset-shadow: 0 0 transparent; --tw-ring-shadow: 0 0 transparent; --tw-shadow: 0 0 transparent; --tw-shadow-colored: 0 0 transparent; font-weight: bold; user-select: auto;\">PAGUE AQUI:<\/span><\/span><\/p>\n<p style=\"text-align: center;\"><span style=\"font-size: 28px;\"><span style=\"border-style: solid; border-color: #e5e7eb; --tw-border-spacing-x: 0; --tw-border-spacing-y: 0; --tw-translate-x: 0; --tw-translate-y: 0; --tw-rotate: 0; --tw-skew-x: 0; --tw-skew-y: 0; --tw-scale-x: 1; --tw-scale-y: 1; --tw-scroll-snap-strictness: proximity; --tw-ring-offset-width: 0px; --tw-ring-offset-color: #fff; --tw-ring-color: rgba(59,130,246,0.5); --tw-ring-offset-shadow: 0 0 transparent; --tw-ring-shadow: 0 0 transparent; --tw-shadow: 0 0 transparent; --tw-shadow-colored: 0 0 transparent; font-weight: bold; user-select: auto;\"><span style=\"color: #333333;\">Investimento: R$ 140,00\u00a0<\/span><\/span><\/span><\/p>\n<div id=\"ib2_el_HXTaHt2o\" class=\"ib2-content-el ib2-text-el\" spellcheck=\"false\" data-animation=\"none\" data-shadow=\"none\" data-el=\"text\">\n<p style=\"text-align: center;\">escolha uma das op\u00e7\u00f5es abaixo para pagar<\/p>\n<\/div>\t\t\t\t\t\t\t\t<\/div>\n\t\t\t\t<\/div>\n\t\t\t\t\t<\/div>\n\t\t<\/div>\n\t\t\t\t<div class=\"elementor-column elementor-col-16 elementor-top-column elementor-element elementor-element-d789a33\" data-id=\"d789a33\" data-element_type=\"column\" data-e-type=\"column\">\n\t\t\t<div class=\"elementor-widget-wrap\">\n\t\t\t\t\t\t\t<\/div>\n\t\t<\/div>\n\t\t\t\t\t<\/div>\n\t\t<\/section>\n\t\t\t\t<section class=\"elementor-section elementor-top-section elementor-element elementor-element-fcdde9f elementor-section-boxed elementor-section-height-default elementor-section-height-default\" data-id=\"fcdde9f\" data-element_type=\"section\" data-e-type=\"section\" data-settings=\"{&quot;background_background&quot;:&quot;classic&quot;}\">\n\t\t\t\t\t\t<div class=\"elementor-container elementor-column-gap-default\">\n\t\t\t\t\t<div class=\"elementor-column elementor-col-14 elementor-top-column elementor-element elementor-element-c8c4a5b\" data-id=\"c8c4a5b\" data-element_type=\"column\" data-e-type=\"column\">\n\t\t\t<div class=\"elementor-widget-wrap\">\n\t\t\t\t\t\t\t<\/div>\n\t\t<\/div>\n\t\t\t\t<div class=\"elementor-column elementor-col-14 elementor-top-column elementor-element elementor-element-cddbc25\" data-id=\"cddbc25\" data-element_type=\"column\" data-e-type=\"column\">\n\t\t\t<div class=\"elementor-widget-wrap elementor-element-populated\">\n\t\t\t\t\t\t<div class=\"elementor-element elementor-element-aad1046 elementor-widget__width-initial elementor-widget elementor-widget-text-editor\" data-id=\"aad1046\" data-element_type=\"widget\" data-e-type=\"widget\" data-widget_type=\"text-editor.default\">\n\t\t\t\t<div class=\"elementor-widget-container\">\n\t\t\t\t\t\t\t\t\t<p>Dep\u00f3sito, TEF, DOC, dep\u00f3sito em casas lot\u00e9ricas<\/p>\t\t\t\t\t\t\t\t<\/div>\n\t\t\t\t<\/div>\n\t\t\t\t<div class=\"elementor-element elementor-element-1e1e94f elementor-widget elementor-widget-image\" data-id=\"1e1e94f\" data-element_type=\"widget\" data-e-type=\"widget\" data-widget_type=\"image.default\">\n\t\t\t\t<div class=\"elementor-widget-container\">\n\t\t\t\t\t\t\t\t\t\t\t\t\t\t\t\t<a href=\"http:\/\/www.mizuji.com\/pagamentos\/depositos-cef.htm\">\n\t\t\t\t\t\t\t<img decoding=\"async\" src=\"http:\/\/mizuji.com.br\/dv\/wp-content\/uploads\/2016\/05\/ScreenHunter_1545-May.-17-07.47.jpg\" title=\"\" alt=\"\" loading=\"lazy\" \/>\t\t\t\t\t\t\t\t<\/a>\n\t\t\t\t\t\t\t\t\t\t\t\t\t\t\t<\/div>\n\t\t\t\t<\/div>\n\t\t\t\t\t<\/div>\n\t\t<\/div>\n\t\t\t\t<div class=\"elementor-column elementor-col-14 elementor-top-column elementor-element elementor-element-92e7674\" data-id=\"92e7674\" data-element_type=\"column\" data-e-type=\"column\" data-settings=\"{&quot;background_background&quot;:&quot;classic&quot;}\">\n\t\t\t<div class=\"elementor-widget-wrap elementor-element-populated\">\n\t\t\t\t\t\t<div class=\"elementor-element elementor-element-b1811dd elementor-widget__width-initial elementor-widget elementor-widget-text-editor\" data-id=\"b1811dd\" data-element_type=\"widget\" data-e-type=\"widget\" data-widget_type=\"text-editor.default\">\n\t\t\t\t<div class=\"elementor-widget-container\">\n\t\t\t\t\t\t\t\t\t<p>PIX, dep\u00f3sito, TEF, DOC<\/p>\t\t\t\t\t\t\t\t<\/div>\n\t\t\t\t<\/div>\n\t\t\t\t<div class=\"elementor-element elementor-element-57314ae elementor-widget elementor-widget-image\" data-id=\"57314ae\" data-element_type=\"widget\" data-e-type=\"widget\" data-widget_type=\"image.default\">\n\t\t\t\t<div class=\"elementor-widget-container\">\n\t\t\t\t\t\t\t\t\t\t\t\t\t\t\t\t<a href=\"http:\/\/www.mizuji.com\/pagamentos\/depositos-itau.htm\">\n\t\t\t\t\t\t\t<img decoding=\"async\" src=\"http:\/\/mizuji.com.br\/dv\/wp-content\/uploads\/2016\/05\/ScreenHunter_1544-May.-17-07.46.jpg\" title=\"\" alt=\"\" loading=\"lazy\" \/>\t\t\t\t\t\t\t\t<\/a>\n\t\t\t\t\t\t\t\t\t\t\t\t\t\t\t<\/div>\n\t\t\t\t<\/div>\n\t\t\t\t\t<\/div>\n\t\t<\/div>\n\t\t\t\t<div class=\"elementor-column elementor-col-14 elementor-top-column elementor-element elementor-element-bcee041\" data-id=\"bcee041\" data-element_type=\"column\" data-e-type=\"column\">\n\t\t\t<div class=\"elementor-widget-wrap elementor-element-populated\">\n\t\t\t\t\t\t<div class=\"elementor-element elementor-element-5bf043f elementor-widget elementor-widget-text-editor\" data-id=\"5bf043f\" data-element_type=\"widget\" data-e-type=\"widget\" data-widget_type=\"text-editor.default\">\n\t\t\t\t<div class=\"elementor-widget-container\">\n\t\t\t\t\t\t\t\t\t<p style=\"text-align: center;\"><span style=\"color: #000000;\"><strong>PIX<\/strong><\/span> CEF- use esta chave: <span style=\"color: #000000;\">mizuji3@mizuji.com<\/span><\/p>\t\t\t\t\t\t\t\t<\/div>\n\t\t\t\t<\/div>\n\t\t\t\t<div class=\"elementor-element elementor-element-2d11275 elementor-widget elementor-widget-text-editor\" data-id=\"2d11275\" data-element_type=\"widget\" data-e-type=\"widget\" data-widget_type=\"text-editor.default\">\n\t\t\t\t<div class=\"elementor-widget-container\">\n\t\t\t\t\t\t\t\t\t<p style=\"text-align: center;\"><span style=\"color: #000000;\"><strong>PIX<\/strong><\/span> PagBank- use esta chave:<\/p><p style=\"text-align: center;\"><span style=\"color: #000000;\">(11)95126-2604<\/span><\/p>\t\t\t\t\t\t\t\t<\/div>\n\t\t\t\t<\/div>\n\t\t\t\t\t<\/div>\n\t\t<\/div>\n\t\t\t\t<div class=\"elementor-column elementor-col-14 elementor-top-column elementor-element elementor-element-62c426f\" data-id=\"62c426f\" data-element_type=\"column\" data-e-type=\"column\">\n\t\t\t<div class=\"elementor-widget-wrap elementor-element-populated\">\n\t\t\t\t\t\t<div class=\"elementor-element elementor-element-93f255b elementor-widget elementor-widget-text-editor\" data-id=\"93f255b\" data-element_type=\"widget\" data-e-type=\"widget\" data-widget_type=\"text-editor.default\">\n\t\t\t\t<div class=\"elementor-widget-container\">\n\t\t\t\t\t\t\t\t\t<p style=\"text-align: center;\"><span style=\"color: #333300;\">Cart\u00e3o de cr\u00e9dito, parcelamento (at\u00e9 4x sem juros), pagamento a partir do exterior, conta Paypal\u00a0<\/span><\/p>\t\t\t\t\t\t\t\t<\/div>\n\t\t\t\t<\/div>\n\t\t\t\t<div class=\"elementor-element elementor-element-9f9d70d elementor-widget elementor-widget-html\" data-id=\"9f9d70d\" data-element_type=\"widget\" data-e-type=\"widget\" data-widget_type=\"html.default\">\n\t\t\t\t<div class=\"elementor-widget-container\">\n\t\t\t\t\t<form action=\"https:\/\/www.paypal.com\/cgi-bin\/webscr\" method=\"post\" target=\"_top\">\r\n  <input type=\"hidden\" name=\"cmd\" value=\"_s-xclick\" \/>\r\n  <input type=\"hidden\" name=\"hosted_button_id\" value=\"V4UUBJPLT8YA6\" \/>\r\n  <input type=\"hidden\" name=\"currency_code\" value=\"BRL\" \/>\r\n  <input type=\"image\" src=\"https:\/\/www.paypalobjects.com\/pt_BR\/i\/btn\/btn_buynowCC_LG.gif\" border=\"0\" name=\"submit\" title=\"O PayPal \u00e9 a forma f\u00e1cil e segura de pagar suas compras on-line.\" alt=\"Comprar agora\" \/>\r\n<\/form>\t\t\t\t<\/div>\n\t\t\t\t<\/div>\n\t\t\t\t\t<\/div>\n\t\t<\/div>\n\t\t\t\t<div class=\"elementor-column elementor-col-14 elementor-top-column elementor-element elementor-element-c3dd6e4\" data-id=\"c3dd6e4\" data-element_type=\"column\" data-e-type=\"column\" data-settings=\"{&quot;background_background&quot;:&quot;classic&quot;}\">\n\t\t\t<div class=\"elementor-widget-wrap elementor-element-populated\">\n\t\t\t\t\t\t<div class=\"elementor-element elementor-element-30d8335 elementor-widget elementor-widget-text-editor\" data-id=\"30d8335\" data-element_type=\"widget\" data-e-type=\"widget\" data-widget_type=\"text-editor.default\">\n\t\t\t\t<div class=\"elementor-widget-container\">\n\t\t\t\t\t\t\t\t\t<p style=\"text-align: center;\"><span style=\"color: #000000;\"><b>Pague com Pagseguro: <\/b>boleto, cart\u00e3o, parcelamento<\/span><\/p>\t\t\t\t\t\t\t\t<\/div>\n\t\t\t\t<\/div>\n\t\t\t\t<div class=\"elementor-element elementor-element-2b710fb elementor-widget elementor-widget-image\" data-id=\"2b710fb\" data-element_type=\"widget\" data-e-type=\"widget\" data-widget_type=\"image.default\">\n\t\t\t\t<div class=\"elementor-widget-container\">\n\t\t\t\t\t\t\t\t\t\t\t\t\t\t\t\t<a href=\"https:\/\/pag.ae\/7-hdKuYYJ\">\n\t\t\t\t\t\t\t<img decoding=\"async\" src=\"https:\/\/bit.ly\/pagseguro-logo\" title=\"\" alt=\"\" loading=\"lazy\" \/>\t\t\t\t\t\t\t\t<\/a>\n\t\t\t\t\t\t\t\t\t\t\t\t\t\t\t<\/div>\n\t\t\t\t<\/div>\n\t\t\t\t\t<\/div>\n\t\t<\/div>\n\t\t\t\t<div class=\"elementor-column elementor-col-14 elementor-top-column elementor-element elementor-element-0081f01\" data-id=\"0081f01\" data-element_type=\"column\" data-e-type=\"column\">\n\t\t\t<div class=\"elementor-widget-wrap\">\n\t\t\t\t\t\t\t<\/div>\n\t\t<\/div>\n\t\t\t\t\t<\/div>\n\t\t<\/section>\n\t\t\t\t<section class=\"elementor-section elementor-top-section elementor-element elementor-element-13e8c8f elementor-section-boxed elementor-section-height-default elementor-section-height-default\" data-id=\"13e8c8f\" data-element_type=\"section\" data-e-type=\"section\">\n\t\t\t\t\t\t<div class=\"elementor-container elementor-column-gap-default\">\n\t\t\t\t\t<div class=\"elementor-column elementor-col-100 elementor-top-column elementor-element elementor-element-9394f84\" data-id=\"9394f84\" data-element_type=\"column\" data-e-type=\"column\">\n\t\t\t<div class=\"elementor-widget-wrap elementor-element-populated\">\n\t\t\t\t\t\t<div class=\"elementor-element elementor-element-856536c elementor-widget elementor-widget-spacer\" data-id=\"856536c\" data-element_type=\"widget\" data-e-type=\"widget\" data-widget_type=\"spacer.default\">\n\t\t\t\t<div class=\"elementor-widget-container\">\n\t\t\t\t\t\t\t<div class=\"elementor-spacer\">\n\t\t\t<div class=\"elementor-spacer-inner\"><\/div>\n\t\t<\/div>\n\t\t\t\t\t\t<\/div>\n\t\t\t\t<\/div>\n\t\t\t\t\t<\/div>\n\t\t<\/div>\n\t\t\t\t\t<\/div>\n\t\t<\/section>\n\t\t\t\t<\/div>\n\t\t","protected":false},"excerpt":{"rendered":"<p>Home\u00a0 \u00a0 Pe\u00e7a e Receba\u00a0 \u00a0 Terapia online Inner Tapping (Uma t\u00e9cnica de EFT para\u00a0crian\u00e7a interior e voc\u00ea mais jovem) Curso online\u00a0 com Mizuji Kajii Grava\u00e7\u00e3o completa do curso online j\u00e1 realizado \u00a0com dura\u00e7\u00e3o de\u00a06 horas Inner Tapping \u00e9 uma t\u00e9cnica de EFT desenvolvida pelos americanos Rick Wilkis e Cathy Vartuli. Uma abordagem gentil e [&hellip;]<\/p>\n","protected":false},"author":1,"featured_media":0,"parent":0,"menu_order":0,"comment_status":"closed","ping_status":"closed","template":"elementor_canvas","meta":{"h5ap_radio_sources":[],"footnotes":""},"class_list":["post-10381","page","type-page","status-publish","hentry","wpbf-post"],"_links":{"self":[{"href":"https:\/\/mizuji.com.br\/dv\/wp-json\/wp\/v2\/pages\/10381","targetHints":{"allow":["GET"]}}],"collection":[{"href":"https:\/\/mizuji.com.br\/dv\/wp-json\/wp\/v2\/pages"}],"about":[{"href":"https:\/\/mizuji.com.br\/dv\/wp-json\/wp\/v2\/types\/page"}],"author":[{"embeddable":true,"href":"https:\/\/mizuji.com.br\/dv\/wp-json\/wp\/v2\/users\/1"}],"replies":[{"embeddable":true,"href":"https:\/\/mizuji.com.br\/dv\/wp-json\/wp\/v2\/comments?post=10381"}],"version-history":[{"count":19,"href":"https:\/\/mizuji.com.br\/dv\/wp-json\/wp\/v2\/pages\/10381\/revisions"}],"predecessor-version":[{"id":10400,"href":"https:\/\/mizuji.com.br\/dv\/wp-json\/wp\/v2\/pages\/10381\/revisions\/10400"}],"wp:attachment":[{"href":"https:\/\/mizuji.com.br\/dv\/wp-json\/wp\/v2\/media?parent=10381"}],"curies":[{"name":"wp","href":"https:\/\/api.w.org\/{rel}","templated":true}]}}