{"id":10352,"date":"2024-02-25T15:27:51","date_gmt":"2024-02-25T18:27:51","guid":{"rendered":"https:\/\/mizuji.com.br\/dv\/?page_id=10352"},"modified":"2024-09-04T22:22:24","modified_gmt":"2024-09-05T01:22:24","slug":"cg-como-sair-da-estagnacao-com-eft","status":"publish","type":"page","link":"https:\/\/mizuji.com.br\/dv\/cg-como-sair-da-estagnacao-com-eft\/","title":{"rendered":"cg-Como sair da estagna\u00e7\u00e3o com EFT"},"content":{"rendered":"\t\t<div data-elementor-type=\"wp-page\" data-elementor-id=\"10352\" class=\"elementor elementor-10352\" data-elementor-post-type=\"page\">\n\t\t\t\t\t\t<section class=\"elementor-section elementor-top-section elementor-element elementor-element-3ec6b11 elementor-section-boxed elementor-section-height-default elementor-section-height-default\" data-id=\"3ec6b11\" data-element_type=\"section\" data-e-type=\"section\" data-settings=\"{&quot;background_background&quot;:&quot;classic&quot;}\">\n\t\t\t\t\t\t<div class=\"elementor-container elementor-column-gap-default\">\n\t\t\t\t\t<div class=\"elementor-column elementor-col-16 elementor-top-column elementor-element elementor-element-66dd2d8\" data-id=\"66dd2d8\" data-element_type=\"column\" data-e-type=\"column\">\n\t\t\t<div class=\"elementor-widget-wrap\">\n\t\t\t\t\t\t\t<\/div>\n\t\t<\/div>\n\t\t\t\t<div class=\"elementor-column elementor-col-66 elementor-top-column elementor-element elementor-element-548278d\" data-id=\"548278d\" data-element_type=\"column\" data-e-type=\"column\">\n\t\t\t<div class=\"elementor-widget-wrap elementor-element-populated\">\n\t\t\t\t\t\t<div class=\"elementor-element elementor-element-7749767 elementor-widget elementor-widget-text-editor\" data-id=\"7749767\" data-element_type=\"widget\" data-e-type=\"widget\" data-widget_type=\"text-editor.default\">\n\t\t\t\t<div class=\"elementor-widget-container\">\n\t\t\t\t\t\t\t\t\t<p style=\"text-align: center;\"><span style=\"color: #00ffff;\"><a style=\"color: #00ffff;\" href=\"https:\/\/mizuji.com.br\">Home<\/a>\u00a0 \u00a0 <a style=\"color: #00ffff;\" href=\"https:\/\/mizuji.com.br\/per\">Pe\u00e7a e Receba<\/a>\u00a0 \u00a0 <a style=\"color: #00ffff;\" href=\"https:\/\/mizuji.com.br\/terapiaonline\/\">Terapia online<\/a><\/span><\/p>\t\t\t\t\t\t\t\t<\/div>\n\t\t\t\t<\/div>\n\t\t\t\t<div class=\"elementor-element elementor-element-e8614c5 elementor-widget elementor-widget-text-editor\" data-id=\"e8614c5\" data-element_type=\"widget\" data-e-type=\"widget\" data-widget_type=\"text-editor.default\">\n\t\t\t\t<div class=\"elementor-widget-container\">\n\t\t\t\t\t\t\t\t\t<h1 style=\"text-align: center;\"><span style=\"font-size: 52px; color: #ffff00;\"><strong>Como sair da estagna\u00e7\u00e3o com EFT\u00a0<\/strong><\/span><\/h1><h4 style=\"text-align: right;\"><span style=\"color: #ffffff;\">Curso online com Mizuji Kajii<\/span><\/h4>\t\t\t\t\t\t\t\t<\/div>\n\t\t\t\t<\/div>\n\t\t\t\t\t<\/div>\n\t\t<\/div>\n\t\t\t\t<div class=\"elementor-column elementor-col-16 elementor-top-column elementor-element elementor-element-5953e80\" data-id=\"5953e80\" data-element_type=\"column\" data-e-type=\"column\">\n\t\t\t<div class=\"elementor-widget-wrap\">\n\t\t\t\t\t\t\t<\/div>\n\t\t<\/div>\n\t\t\t\t\t<\/div>\n\t\t<\/section>\n\t\t\t\t<section class=\"elementor-section elementor-top-section elementor-element elementor-element-b57db53 elementor-section-boxed elementor-section-height-default elementor-section-height-default\" data-id=\"b57db53\" data-element_type=\"section\" data-e-type=\"section\">\n\t\t\t\t\t\t<div class=\"elementor-container elementor-column-gap-default\">\n\t\t\t\t\t<div class=\"elementor-column elementor-col-16 elementor-top-column elementor-element elementor-element-9b1f098\" data-id=\"9b1f098\" data-element_type=\"column\" data-e-type=\"column\">\n\t\t\t<div class=\"elementor-widget-wrap\">\n\t\t\t\t\t\t\t<\/div>\n\t\t<\/div>\n\t\t\t\t<div class=\"elementor-column elementor-col-66 elementor-top-column elementor-element elementor-element-5fddebf\" data-id=\"5fddebf\" data-element_type=\"column\" data-e-type=\"column\">\n\t\t\t<div class=\"elementor-widget-wrap elementor-element-populated\">\n\t\t\t\t\t\t<div class=\"elementor-element elementor-element-b8e9b5a elementor-widget elementor-widget-text-editor\" data-id=\"b8e9b5a\" data-element_type=\"widget\" data-e-type=\"widget\" data-widget_type=\"text-editor.default\">\n\t\t\t\t<div class=\"elementor-widget-container\">\n\t\t\t\t\t\t\t\t\t<p style=\"text-align: center;\" align=\"left\"><span style=\"color: #000000;\"><span class=\"Apple-style-span\"><span style=\"font-family: Verdana; font-size: x-large;\">Grava\u00e7\u00e3o completa do curso online realizado em <\/span><span style=\"font-family: Verdana; font-size: x-large;\">\u00a02015 <\/span><\/span><\/span><\/p><p style=\"text-align: center;\" align=\"left\"><span style=\"color: #000000;\"><span class=\"Apple-style-span\"><span style=\"font-family: Verdana; font-size: x-large;\">com 60 minutos de dura\u00e7\u00e3o<\/span><\/span><span class=\"Apple-style-span\"><span style=\"font-family: Verdana; font-size: x-large;\">.<\/span><\/span><\/span><\/p>\t\t\t\t\t\t\t\t<\/div>\n\t\t\t\t<\/div>\n\t\t\t\t<div class=\"elementor-element elementor-element-657a0c2 elementor-widget-divider--view-line elementor-widget elementor-widget-divider\" data-id=\"657a0c2\" data-element_type=\"widget\" data-e-type=\"widget\" data-widget_type=\"divider.default\">\n\t\t\t\t<div class=\"elementor-widget-container\">\n\t\t\t\t\t\t\t<div class=\"elementor-divider\">\n\t\t\t<span class=\"elementor-divider-separator\">\n\t\t\t\t\t\t<\/span>\n\t\t<\/div>\n\t\t\t\t\t\t<\/div>\n\t\t\t\t<\/div>\n\t\t\t\t<div class=\"elementor-element elementor-element-b955f43 elementor-widget elementor-widget-text-editor\" data-id=\"b955f43\" data-element_type=\"widget\" data-e-type=\"widget\" data-widget_type=\"text-editor.default\">\n\t\t\t\t<div class=\"elementor-widget-container\">\n\t\t\t\t\t\t\t\t\t<p><span style=\"font-family: Verdana; color: #000000;\">Estagna\u00e7\u00e3o \u00e9 quando voc\u00ea tem aquela sensa\u00e7\u00e3o de estar patinando, atolado, amarrado, preso em uma situa\u00e7\u00e3o e n\u00e3o consegue avan\u00e7ar apesar de seus esfor\u00e7os.<\/span><\/p>\n<p><span style=\"font-family: Verdana; color: #000000;\">Todos n\u00f3s passamos por esses momentos algumas vezes nas vida.<\/span><\/p>\n<p><span style=\"font-family: Verdana; color: #000000;\">Pode ser aquela fase em que a criatividade parece ter simplesmente desaparecido da sua mente. Voc\u00ea n\u00e3o consegue gerar nenhuma boa ideia, nenhuma solu\u00e7\u00e3o, levando-o ao desespero.<\/span><\/p>\n<p><span style=\"font-family: Verdana; color: #000000;\">Pode ser aquela fase em que nada do que faz d\u00e1 certo: tudo d\u00e1 errado, todo resultado que voc\u00ea consegue \u00e9 med\u00edocre, por mais que tente. Preso numa corrida dos ratos.<\/span><\/p>\n<p><span style=\"font-family: Verdana; color: #000000;\">Pode ser aquela fase em que voc\u00ea tem vontade, quer fazer, mas parece estar amarrado e n\u00e3o consegue agir. Tudo \u00e9 dif\u00edcil, tudo exige esfor\u00e7o demais. Mesmo as coisas mais simples. E, claro, os resultados s\u00e3o nulos ou insignificantes.<\/span><\/p>\n<p><span style=\"font-family: Verdana; color: #000000;\">Como usar EFT para sair desse estado de estagna\u00e7\u00e3o?<\/span><\/p>\t\t\t\t\t\t\t\t<\/div>\n\t\t\t\t<\/div>\n\t\t\t\t<div class=\"elementor-element elementor-element-d3c1b7c elementor-button-danger elementor-align-center elementor-widget elementor-widget-button\" data-id=\"d3c1b7c\" data-element_type=\"widget\" data-e-type=\"widget\" data-widget_type=\"button.default\">\n\t\t\t\t<div class=\"elementor-widget-container\">\n\t\t\t\t\t\t\t\t\t<div class=\"elementor-button-wrapper\">\n\t\t\t\t\t<a class=\"elementor-button elementor-button-link elementor-size-sm\" href=\"#pagamento\">\n\t\t\t\t\t\t<span class=\"elementor-button-content-wrapper\">\n\t\t\t\t\t\t\t\t\t<span class=\"elementor-button-text\">Clique aqui para comprar<\/span>\n\t\t\t\t\t<\/span>\n\t\t\t\t\t<\/a>\n\t\t\t\t<\/div>\n\t\t\t\t\t\t\t\t<\/div>\n\t\t\t\t<\/div>\n\t\t\t\t\t<\/div>\n\t\t<\/div>\n\t\t\t\t<div class=\"elementor-column elementor-col-16 elementor-top-column elementor-element elementor-element-7692204\" data-id=\"7692204\" data-element_type=\"column\" data-e-type=\"column\">\n\t\t\t<div class=\"elementor-widget-wrap\">\n\t\t\t\t\t\t\t<\/div>\n\t\t<\/div>\n\t\t\t\t\t<\/div>\n\t\t<\/section>\n\t\t\t\t<section class=\"elementor-section elementor-top-section elementor-element elementor-element-34ebbf1 elementor-section-boxed elementor-section-height-default elementor-section-height-default\" data-id=\"34ebbf1\" data-element_type=\"section\" data-e-type=\"section\">\n\t\t\t\t\t\t<div class=\"elementor-container elementor-column-gap-default\">\n\t\t\t\t\t<div class=\"elementor-column elementor-col-16 elementor-top-column elementor-element elementor-element-98252dd\" data-id=\"98252dd\" data-element_type=\"column\" data-e-type=\"column\">\n\t\t\t<div class=\"elementor-widget-wrap\">\n\t\t\t\t\t\t\t<\/div>\n\t\t<\/div>\n\t\t\t\t<div class=\"elementor-column elementor-col-66 elementor-top-column elementor-element elementor-element-06082ed\" data-id=\"06082ed\" data-element_type=\"column\" data-e-type=\"column\">\n\t\t\t<div class=\"elementor-widget-wrap elementor-element-populated\">\n\t\t\t\t\t\t<div class=\"elementor-element elementor-element-8dbbef6 elementor-widget elementor-widget-spacer\" data-id=\"8dbbef6\" data-element_type=\"widget\" data-e-type=\"widget\" data-widget_type=\"spacer.default\">\n\t\t\t\t<div class=\"elementor-widget-container\">\n\t\t\t\t\t\t\t<div class=\"elementor-spacer\">\n\t\t\t<div class=\"elementor-spacer-inner\"><\/div>\n\t\t<\/div>\n\t\t\t\t\t\t<\/div>\n\t\t\t\t<\/div>\n\t\t\t\t<div class=\"elementor-element elementor-element-c974f66 elementor-widget elementor-widget-text-editor\" data-id=\"c974f66\" data-element_type=\"widget\" data-e-type=\"widget\" data-widget_type=\"text-editor.default\">\n\t\t\t\t<div class=\"elementor-widget-container\">\n\t\t\t\t\t\t\t\t\t<p><strong><span style=\"font-family: Verdana;\">Alguns t\u00f3picos deste curso:<\/span><\/strong><\/p><ul><li><p><span style=\"font-family: Verdana;\">Por que ficamos estagnados?<\/span><\/p><\/li><li><p><span style=\"font-family: Verdana;\">Medo da mudan\u00e7a, in\u00e9rcia, perfeccionismo<\/span><\/p><\/li><li><p><span style=\"font-family: Verdana;\">Sair rapidamente da in\u00e9rcia com EFT<\/span><\/p><\/li><li><p><span style=\"font-family: Verdana;\">Ganhos secund\u00e1rios: identificando<\/span><\/p><\/li><li><p><span style=\"font-family: Verdana;\">Redirecionando seu foco com EFT<\/span><\/p><\/li><\/ul>\t\t\t\t\t\t\t\t<\/div>\n\t\t\t\t<\/div>\n\t\t\t\t<div class=\"elementor-element elementor-element-11656fe elementor-widget elementor-widget-menu-anchor\" data-id=\"11656fe\" data-element_type=\"widget\" data-e-type=\"widget\" data-widget_type=\"menu-anchor.default\">\n\t\t\t\t<div class=\"elementor-widget-container\">\n\t\t\t\t\t\t\t<div class=\"elementor-menu-anchor\" id=\"pagamento\"><\/div>\n\t\t\t\t\t\t<\/div>\n\t\t\t\t<\/div>\n\t\t\t\t\t<\/div>\n\t\t<\/div>\n\t\t\t\t<div class=\"elementor-column elementor-col-16 elementor-top-column elementor-element elementor-element-4cc6998\" data-id=\"4cc6998\" data-element_type=\"column\" data-e-type=\"column\">\n\t\t\t<div class=\"elementor-widget-wrap\">\n\t\t\t\t\t\t\t<\/div>\n\t\t<\/div>\n\t\t\t\t\t<\/div>\n\t\t<\/section>\n\t\t\t\t<section class=\"elementor-section elementor-top-section elementor-element elementor-element-1e28e91 elementor-section-boxed elementor-section-height-default elementor-section-height-default\" data-id=\"1e28e91\" data-element_type=\"section\" data-e-type=\"section\">\n\t\t\t\t\t\t<div class=\"elementor-container elementor-column-gap-default\">\n\t\t\t\t\t<div class=\"elementor-column elementor-col-16 elementor-top-column elementor-element elementor-element-0d0a0cd\" data-id=\"0d0a0cd\" data-element_type=\"column\" data-e-type=\"column\">\n\t\t\t<div class=\"elementor-widget-wrap\">\n\t\t\t\t\t\t\t<\/div>\n\t\t<\/div>\n\t\t\t\t<div class=\"elementor-column elementor-col-66 elementor-top-column elementor-element elementor-element-98ac171\" data-id=\"98ac171\" data-element_type=\"column\" data-e-type=\"column\">\n\t\t\t<div class=\"elementor-widget-wrap elementor-element-populated\">\n\t\t\t\t\t\t<div class=\"elementor-element elementor-element-b2a0584 elementor-widget elementor-widget-spacer\" data-id=\"b2a0584\" data-element_type=\"widget\" data-e-type=\"widget\" data-widget_type=\"spacer.default\">\n\t\t\t\t<div class=\"elementor-widget-container\">\n\t\t\t\t\t\t\t<div class=\"elementor-spacer\">\n\t\t\t<div class=\"elementor-spacer-inner\"><\/div>\n\t\t<\/div>\n\t\t\t\t\t\t<\/div>\n\t\t\t\t<\/div>\n\t\t\t\t<div class=\"elementor-element elementor-element-fa1c3fa elementor-widget elementor-widget-text-editor\" data-id=\"fa1c3fa\" data-element_type=\"widget\" data-e-type=\"widget\" data-widget_type=\"text-editor.default\">\n\t\t\t\t<div class=\"elementor-widget-container\">\n\t\t\t\t\t\t\t\t\t<h2 style=\"text-align: center;\"><strong>Como funciona?<\/strong><\/h2><ul class=\"green-check3\"><li><span style=\"font-family: arial, helvetica, sans-serif; font-size: 20px;\">O curso consiste de 3 arquivos para download:<\/span><br \/><span style=\"font-family: arial, helvetica, sans-serif; font-size: 20px;\">v\u00eddeo em mp4 (grava\u00e7\u00e3o completa do curso)<\/span><br \/><span style=\"font-family: arial, helvetica, sans-serif; font-size: 20px;\">\u00e1udio em mp3 (grava\u00e7\u00e3o completa do curso, apenas \u00e1udio)<\/span><br \/><span style=\"font-family: arial, helvetica, sans-serif; font-size: 20px;\">slides em PPT e PDF<\/span><\/li><li><span style=\"font-family: arial, helvetica, sans-serif; font-size: 20px;\">O v\u00eddeo oferece uma experi\u00eancia bastante pr\u00f3xima da participa\u00e7\u00e3o ao vivo. Apenas n\u00e3o poder\u00e1 interagir, por se tratar de grava\u00e7\u00e3o. Com a vantagem de que n\u00e3o haver\u00e1 eventuais travamentos devido a problemas de conex\u00e3o, j\u00e1 que o arquivo est\u00e1 gravado no seu computador.<\/span><\/li><li><span style=\"font-family: arial, helvetica, sans-serif; font-size: 20px;\">Al\u00e9m disso, voc\u00ea tamb\u00e9m ter\u00e1 a op\u00e7\u00e3o de acessar o v\u00eddeo online, permitindo o acesso atrav\u00e9s de dispositivos m\u00f3veis como tablet e smartphone, al\u00e9m do computador.<\/span><\/li><li><span style=\"font-family: arial, helvetica, sans-serif; font-size: 20px;\">Voc\u00ea poder\u00e1 esclarecer d\u00favidas via email<\/span><\/li><\/ul>\t\t\t\t\t\t\t\t<\/div>\n\t\t\t\t<\/div>\n\t\t\t\t<div class=\"elementor-element elementor-element-f2c8cb7 elementor-widget elementor-widget-menu-anchor\" data-id=\"f2c8cb7\" data-element_type=\"widget\" data-e-type=\"widget\" data-widget_type=\"menu-anchor.default\">\n\t\t\t\t<div class=\"elementor-widget-container\">\n\t\t\t\t\t\t\t<div class=\"elementor-menu-anchor\" id=\"pagamento\"><\/div>\n\t\t\t\t\t\t<\/div>\n\t\t\t\t<\/div>\n\t\t\t\t\t<\/div>\n\t\t<\/div>\n\t\t\t\t<div class=\"elementor-column elementor-col-16 elementor-top-column elementor-element elementor-element-2a05244\" data-id=\"2a05244\" data-element_type=\"column\" data-e-type=\"column\">\n\t\t\t<div class=\"elementor-widget-wrap\">\n\t\t\t\t\t\t\t<\/div>\n\t\t<\/div>\n\t\t\t\t\t<\/div>\n\t\t<\/section>\n\t\t\t\t<section class=\"elementor-section elementor-top-section elementor-element elementor-element-c7f3984 elementor-section-boxed elementor-section-height-default elementor-section-height-default\" data-id=\"c7f3984\" data-element_type=\"section\" data-e-type=\"section\">\n\t\t\t\t\t\t<div class=\"elementor-container elementor-column-gap-default\">\n\t\t\t\t\t<div class=\"elementor-column elementor-col-16 elementor-top-column elementor-element elementor-element-4402dba\" data-id=\"4402dba\" data-element_type=\"column\" data-e-type=\"column\">\n\t\t\t<div class=\"elementor-widget-wrap\">\n\t\t\t\t\t\t\t<\/div>\n\t\t<\/div>\n\t\t\t\t<div class=\"elementor-column elementor-col-66 elementor-top-column elementor-element elementor-element-270e262\" data-id=\"270e262\" data-element_type=\"column\" data-e-type=\"column\">\n\t\t\t<div class=\"elementor-widget-wrap elementor-element-populated\">\n\t\t\t\t\t\t<div class=\"elementor-element elementor-element-2ebb57e elementor-widget elementor-widget-text-editor\" data-id=\"2ebb57e\" data-element_type=\"widget\" data-e-type=\"widget\" data-widget_type=\"text-editor.default\">\n\t\t\t\t<div class=\"elementor-widget-container\">\n\t\t\t\t\t\t\t\t\t<p style=\"text-align: center;\"><span style=\"font-size: 28px; background-color: #ffff00;\"><span style=\"border-style: solid; border-color: #e5e7eb; --tw-border-spacing-x: 0; --tw-border-spacing-y: 0; --tw-translate-x: 0; --tw-translate-y: 0; --tw-rotate: 0; --tw-skew-x: 0; --tw-skew-y: 0; --tw-scale-x: 1; --tw-scale-y: 1; --tw-scroll-snap-strictness: proximity; --tw-ring-offset-width: 0px; --tw-ring-offset-color: #fff; --tw-ring-color: rgba(59,130,246,0.5); --tw-ring-offset-shadow: 0 0 transparent; --tw-ring-shadow: 0 0 transparent; --tw-shadow: 0 0 transparent; --tw-shadow-colored: 0 0 transparent; font-weight: bold; user-select: auto;\">PAGUE AQUI:<\/span><\/span><\/p><p style=\"text-align: center;\"><span style=\"font-size: 28px;\"><span style=\"border-style: solid; border-color: #e5e7eb; --tw-border-spacing-x: 0; --tw-border-spacing-y: 0; --tw-translate-x: 0; --tw-translate-y: 0; --tw-rotate: 0; --tw-skew-x: 0; --tw-skew-y: 0; --tw-scale-x: 1; --tw-scale-y: 1; --tw-scroll-snap-strictness: proximity; --tw-ring-offset-width: 0px; --tw-ring-offset-color: #fff; --tw-ring-color: rgba(59,130,246,0.5); --tw-ring-offset-shadow: 0 0 transparent; --tw-ring-shadow: 0 0 transparent; --tw-shadow: 0 0 transparent; --tw-shadow-colored: 0 0 transparent; font-weight: bold; user-select: auto;\"><span style=\"color: #333333;\">Investimento: R$ 38,00\u00a0<\/span><\/span><\/span><\/p><div id=\"ib2_el_HXTaHt2o\" class=\"ib2-content-el ib2-text-el\" spellcheck=\"false\" data-animation=\"none\" data-shadow=\"none\" data-el=\"text\"><p style=\"text-align: center;\">escolha uma das op\u00e7\u00f5es abaixo para pagar<\/p><\/div>\t\t\t\t\t\t\t\t<\/div>\n\t\t\t\t<\/div>\n\t\t\t\t\t<\/div>\n\t\t<\/div>\n\t\t\t\t<div class=\"elementor-column elementor-col-16 elementor-top-column elementor-element elementor-element-d789a33\" data-id=\"d789a33\" data-element_type=\"column\" data-e-type=\"column\">\n\t\t\t<div class=\"elementor-widget-wrap\">\n\t\t\t\t\t\t\t<\/div>\n\t\t<\/div>\n\t\t\t\t\t<\/div>\n\t\t<\/section>\n\t\t\t\t<section class=\"elementor-section elementor-top-section elementor-element elementor-element-fcdde9f elementor-section-boxed elementor-section-height-default elementor-section-height-default\" data-id=\"fcdde9f\" data-element_type=\"section\" data-e-type=\"section\" data-settings=\"{&quot;background_background&quot;:&quot;classic&quot;}\">\n\t\t\t\t\t\t<div class=\"elementor-container elementor-column-gap-default\">\n\t\t\t\t\t<div class=\"elementor-column elementor-col-20 elementor-top-column elementor-element elementor-element-c8c4a5b\" data-id=\"c8c4a5b\" data-element_type=\"column\" data-e-type=\"column\">\n\t\t\t<div class=\"elementor-widget-wrap\">\n\t\t\t\t\t\t\t<\/div>\n\t\t<\/div>\n\t\t\t\t<div class=\"elementor-column elementor-col-20 elementor-top-column elementor-element elementor-element-cddbc25\" data-id=\"cddbc25\" data-element_type=\"column\" data-e-type=\"column\">\n\t\t\t<div class=\"elementor-widget-wrap elementor-element-populated\">\n\t\t\t\t\t\t<div class=\"elementor-element elementor-element-aad1046 elementor-widget__width-initial elementor-widget elementor-widget-text-editor\" data-id=\"aad1046\" data-element_type=\"widget\" data-e-type=\"widget\" data-widget_type=\"text-editor.default\">\n\t\t\t\t<div class=\"elementor-widget-container\">\n\t\t\t\t\t\t\t\t\t<p>Dep\u00f3sito, TEF, DOC, dep\u00f3sito em casas lot\u00e9ricas<\/p>\t\t\t\t\t\t\t\t<\/div>\n\t\t\t\t<\/div>\n\t\t\t\t<div class=\"elementor-element elementor-element-1e1e94f elementor-widget elementor-widget-image\" data-id=\"1e1e94f\" data-element_type=\"widget\" data-e-type=\"widget\" data-widget_type=\"image.default\">\n\t\t\t\t<div class=\"elementor-widget-container\">\n\t\t\t\t\t\t\t\t\t\t\t\t\t\t\t\t<a href=\"http:\/\/www.mizuji.com\/pagamentos\/depositos-cef.htm\">\n\t\t\t\t\t\t\t<img decoding=\"async\" src=\"http:\/\/mizuji.com.br\/dv\/wp-content\/uploads\/2016\/05\/ScreenHunter_1545-May.-17-07.47.jpg\" title=\"\" alt=\"\" loading=\"lazy\" \/>\t\t\t\t\t\t\t\t<\/a>\n\t\t\t\t\t\t\t\t\t\t\t\t\t\t\t<\/div>\n\t\t\t\t<\/div>\n\t\t\t\t\t<\/div>\n\t\t<\/div>\n\t\t\t\t<div class=\"elementor-column elementor-col-20 elementor-top-column elementor-element elementor-element-bcee041\" data-id=\"bcee041\" data-element_type=\"column\" data-e-type=\"column\">\n\t\t\t<div class=\"elementor-widget-wrap elementor-element-populated\">\n\t\t\t\t\t\t<div class=\"elementor-element elementor-element-5bf043f elementor-widget elementor-widget-text-editor\" data-id=\"5bf043f\" data-element_type=\"widget\" data-e-type=\"widget\" data-widget_type=\"text-editor.default\">\n\t\t\t\t<div class=\"elementor-widget-container\">\n\t\t\t\t\t\t\t\t\t<p style=\"text-align: center;\"><span style=\"color: #000000;\"><strong>PIX<\/strong><\/span> CEF- use esta chave: <span style=\"color: #000000;\">mizuji3@mizuji.com<\/span><\/p>\t\t\t\t\t\t\t\t<\/div>\n\t\t\t\t<\/div>\n\t\t\t\t\t<\/div>\n\t\t<\/div>\n\t\t\t\t<div class=\"elementor-column elementor-col-20 elementor-top-column elementor-element elementor-element-62c426f\" data-id=\"62c426f\" data-element_type=\"column\" data-e-type=\"column\">\n\t\t\t<div class=\"elementor-widget-wrap elementor-element-populated\">\n\t\t\t\t\t\t<div class=\"elementor-element elementor-element-93f255b elementor-widget elementor-widget-text-editor\" data-id=\"93f255b\" data-element_type=\"widget\" data-e-type=\"widget\" data-widget_type=\"text-editor.default\">\n\t\t\t\t<div class=\"elementor-widget-container\">\n\t\t\t\t\t\t\t\t\t<p style=\"text-align: center;\"><span style=\"color: #333300;\">Cart\u00e3o de cr\u00e9dito, pagamento a partir do exterior, conta Paypal\u00a0<\/span><\/p>\t\t\t\t\t\t\t\t<\/div>\n\t\t\t\t<\/div>\n\t\t\t\t<div class=\"elementor-element elementor-element-9f9d70d elementor-widget elementor-widget-html\" data-id=\"9f9d70d\" data-element_type=\"widget\" data-e-type=\"widget\" data-widget_type=\"html.default\">\n\t\t\t\t<div class=\"elementor-widget-container\">\n\t\t\t\t\t<form action=\"https:\/\/www.paypal.com\/cgi-bin\/webscr\" method=\"post\" target=\"_top\">\r\n  <input type=\"hidden\" name=\"cmd\" value=\"_s-xclick\" \/>\r\n  <input type=\"hidden\" name=\"hosted_button_id\" value=\"YVUYSJU3SSRU6\" \/>\r\n  <input type=\"hidden\" name=\"currency_code\" value=\"BRL\" \/>\r\n  <input type=\"image\" src=\"https:\/\/www.paypalobjects.com\/pt_BR\/i\/btn\/btn_buynowCC_LG.gif\" border=\"0\" name=\"submit\" title=\"O PayPal \u00e9 a forma f\u00e1cil e segura de pagar suas compras on-line.\" alt=\"Comprar agora\" \/>\r\n<\/form>\t\t\t\t<\/div>\n\t\t\t\t<\/div>\n\t\t\t\t\t<\/div>\n\t\t<\/div>\n\t\t\t\t<div class=\"elementor-column elementor-col-20 elementor-top-column elementor-element elementor-element-0081f01\" data-id=\"0081f01\" data-element_type=\"column\" data-e-type=\"column\">\n\t\t\t<div class=\"elementor-widget-wrap\">\n\t\t\t\t\t\t\t<\/div>\n\t\t<\/div>\n\t\t\t\t\t<\/div>\n\t\t<\/section>\n\t\t\t\t<section class=\"elementor-section elementor-top-section elementor-element elementor-element-13e8c8f elementor-section-boxed elementor-section-height-default elementor-section-height-default\" data-id=\"13e8c8f\" data-element_type=\"section\" data-e-type=\"section\">\n\t\t\t\t\t\t<div class=\"elementor-container elementor-column-gap-default\">\n\t\t\t\t\t<div class=\"elementor-column elementor-col-100 elementor-top-column elementor-element elementor-element-9394f84\" data-id=\"9394f84\" data-element_type=\"column\" data-e-type=\"column\">\n\t\t\t<div class=\"elementor-widget-wrap elementor-element-populated\">\n\t\t\t\t\t\t<div class=\"elementor-element elementor-element-856536c elementor-widget elementor-widget-spacer\" data-id=\"856536c\" data-element_type=\"widget\" data-e-type=\"widget\" data-widget_type=\"spacer.default\">\n\t\t\t\t<div class=\"elementor-widget-container\">\n\t\t\t\t\t\t\t<div class=\"elementor-spacer\">\n\t\t\t<div class=\"elementor-spacer-inner\"><\/div>\n\t\t<\/div>\n\t\t\t\t\t\t<\/div>\n\t\t\t\t<\/div>\n\t\t\t\t\t<\/div>\n\t\t<\/div>\n\t\t\t\t\t<\/div>\n\t\t<\/section>\n\t\t\t\t<\/div>\n\t\t","protected":false},"excerpt":{"rendered":"<p>Home\u00a0 \u00a0 Pe\u00e7a e Receba\u00a0 \u00a0 Terapia online Como sair da estagna\u00e7\u00e3o com EFT\u00a0 Curso online com Mizuji Kajii Grava\u00e7\u00e3o completa do curso online realizado em \u00a02015 com 60 minutos de dura\u00e7\u00e3o. Estagna\u00e7\u00e3o \u00e9 quando voc\u00ea tem aquela sensa\u00e7\u00e3o de estar patinando, atolado, amarrado, preso em uma situa\u00e7\u00e3o e n\u00e3o consegue avan\u00e7ar apesar de seus [&hellip;]<\/p>\n","protected":false},"author":1,"featured_media":0,"parent":0,"menu_order":0,"comment_status":"closed","ping_status":"closed","template":"elementor_canvas","meta":{"h5ap_radio_sources":[],"footnotes":""},"class_list":["post-10352","page","type-page","status-publish","hentry","wpbf-post"],"_links":{"self":[{"href":"https:\/\/mizuji.com.br\/dv\/wp-json\/wp\/v2\/pages\/10352","targetHints":{"allow":["GET"]}}],"collection":[{"href":"https:\/\/mizuji.com.br\/dv\/wp-json\/wp\/v2\/pages"}],"about":[{"href":"https:\/\/mizuji.com.br\/dv\/wp-json\/wp\/v2\/types\/page"}],"author":[{"embeddable":true,"href":"https:\/\/mizuji.com.br\/dv\/wp-json\/wp\/v2\/users\/1"}],"replies":[{"embeddable":true,"href":"https:\/\/mizuji.com.br\/dv\/wp-json\/wp\/v2\/comments?post=10352"}],"version-history":[{"count":28,"href":"https:\/\/mizuji.com.br\/dv\/wp-json\/wp\/v2\/pages\/10352\/revisions"}],"predecessor-version":[{"id":12758,"href":"https:\/\/mizuji.com.br\/dv\/wp-json\/wp\/v2\/pages\/10352\/revisions\/12758"}],"wp:attachment":[{"href":"https:\/\/mizuji.com.br\/dv\/wp-json\/wp\/v2\/media?parent=10352"}],"curies":[{"name":"wp","href":"https:\/\/api.w.org\/{rel}","templated":true}]}}